{"id":10227,"date":"2025-12-10T09:51:11","date_gmt":"2025-12-10T06:51:11","guid":{"rendered":"https:\/\/drgosmile.com\/hakkimizda\/"},"modified":"2025-12-10T09:59:53","modified_gmt":"2025-12-10T06:59:53","slug":"ueber-uns","status":"publish","type":"page","link":"https:\/\/drgosmile.com\/de\/ueber-uns\/","title":{"rendered":"\u00dcber uns"},"content":{"rendered":"<div class=\"elementor-element elementor-element-7b52e73 elementor-widget elementor-widget-heading\" data-id=\"7b52e73\" data-element_type=\"widget\" data-widget_type=\"heading.default\">\n<div class=\"elementor-widget-container\">\n<h2 class=\"elementor-heading-title elementor-size-default\">Die Kunst der \u00c4sthetik mit Dr. GO erreichen<\/h2>\n<\/div>\n<\/div>\n<div class=\"elementor-element elementor-element-fea08ec elementor-widget elementor-widget-heading\" data-id=\"fea08ec\" data-element_type=\"widget\" data-widget_type=\"heading.default\">\n<div class=\"elementor-widget-container\">\n<h2 class=\"elementor-heading-title elementor-size-default\">Wir sind eine Zahn\u00e4sthetik-Klinik, die die Zahn- und Mundgesundheitsprobleme der Patienten erkennt und individuelle L\u00f6sungen anbietet, einschlie\u00dflich zus\u00e4tzlicher unterst\u00fctzender und vorbeugender Dienstleistungen, wenn dies erforderlich ist.<\/h2>\n<\/div>\n<div class=\"elementor-element elementor-element-1186779 elementor-widget elementor-widget-heading\" data-id=\"1186779\" data-element_type=\"widget\" data-widget_type=\"heading.default\">\n<div class=\"elementor-widget-container\">\n<h2 class=\"elementor-heading-title elementor-size-default\">Unsere Mission<\/h2>\n<\/div>\n<\/div>\n<div class=\"elementor-element elementor-element-a8df247 elementor-widget elementor-widget-text-editor\" data-id=\"a8df247\" data-element_type=\"widget\" data-widget_type=\"text-editor.default\">\n<div class=\"elementor-widget-container\">\n<p>Unser Ziel ist es, das Konzept der \u201eZahnbehandlungen\u201c mit traditionellem Verst\u00e4ndnis zu verbinden und die notwendige \u201eKunst\u201c einzusetzen, um den innovativsten, einzigartigsten und hochwertigsten Service zu bieten.<\/p>\n<p>Wir streben danach, mit den weltweiten Entwicklungen Schritt zu halten und die neuesten Technologien zu nutzen.<\/p>\n<p>Mit Respekt vor den Rechten der Patienten und kontinuierlicher Beobachtung der medizinischen Fortschritte helfen wir Ihnen, Ihr Trauml\u00e4cheln zu erreichen, ohne Kompromisse bei ethischen Werten oder Qualit\u00e4t einzugehen. W\u00e4hrend dieses Prozesses ber\u00fccksichtigen wir stets Ihre W\u00fcnsche und Erwartungen.<\/p>\n<div class=\"elementor-element elementor-element-e7da206 elementor-widget elementor-widget-heading\" data-id=\"e7da206\" data-element_type=\"widget\" data-widget_type=\"heading.default\">\n<div class=\"elementor-widget-container\">\n<h2 class=\"elementor-heading-title elementor-size-default\">Unsere Werte<\/h2>\n<\/div>\n<\/div>\n<div class=\"elementor-element elementor-element-5d582a5 elementor-widget elementor-widget-text-editor\" data-id=\"5d582a5\" data-element_type=\"widget\" data-widget_type=\"text-editor.default\">\n<div class=\"elementor-widget-container\">\n<p>Wir treten individuell mit unseren Patienten in Kontakt, h\u00f6ren ihnen zu und ber\u00fccksichtigen ihre W\u00fcnsche.<\/p>\n<p>Wir informieren unsere Patienten umfassend, um die besten Ergebnisse zu erzielen. Wir stehen f\u00fcr gegenseitiges Vertrauen und Transparenz und vermitteln unseren Patienten stets korrekte Informationen und Verst\u00e4ndnis im Rahmen ethischer Werte.<\/p>\n<p>Unsere Patienten sind unsere G\u00e4ste. Alle Behandlungen werden unter h\u00f6chster Qualit\u00e4t und mit voller R\u00fccksicht auf den Komfort des Patienten durchgef\u00fchrt.<\/p>\n<\/div>\n<\/div>\n<\/div>\n<\/div>\n<\/div>\n","protected":false},"excerpt":{"rendered":"<p>Die Kunst der \u00c4sthetik mit Dr. GO erreichen Wir sind eine Zahn\u00e4sthetik-Klinik, die die Zahn- und Mundgesundheitsprobleme der Patienten erkennt und individuelle L\u00f6sungen anbietet, einschlie\u00dflich zus\u00e4tzlicher unterst\u00fctzender und vorbeugender Dienstleistungen, wenn dies erforderlich ist. Unsere Mission Unser Ziel ist es, das Konzept der \u201eZahnbehandlungen\u201c mit traditionellem Verst\u00e4ndnis zu verbinden und die notwendige \u201eKunst\u201c einzusetzen, um [&hellip;]<\/p>\n","protected":false},"author":1,"featured_media":0,"parent":0,"menu_order":0,"comment_status":"closed","ping_status":"closed","template":"","meta":{"footnotes":""},"class_list":["post-10227","page","type-page","status-publish","hentry"],"_links":{"self":[{"href":"https:\/\/drgosmile.com\/de\/wp-json\/wp\/v2\/pages\/10227","targetHints":{"allow":["GET"]}}],"collection":[{"href":"https:\/\/drgosmile.com\/de\/wp-json\/wp\/v2\/pages"}],"about":[{"href":"https:\/\/drgosmile.com\/de\/wp-json\/wp\/v2\/types\/page"}],"author":[{"embeddable":true,"href":"https:\/\/drgosmile.com\/de\/wp-json\/wp\/v2\/users\/1"}],"replies":[{"embeddable":true,"href":"https:\/\/drgosmile.com\/de\/wp-json\/wp\/v2\/comments?post=10227"}],"version-history":[{"count":2,"href":"https:\/\/drgosmile.com\/de\/wp-json\/wp\/v2\/pages\/10227\/revisions"}],"predecessor-version":[{"id":10239,"href":"https:\/\/drgosmile.com\/de\/wp-json\/wp\/v2\/pages\/10227\/revisions\/10239"}],"wp:attachment":[{"href":"https:\/\/drgosmile.com\/de\/wp-json\/wp\/v2\/media?parent=10227"}],"curies":[{"name":"wp","href":"https:\/\/api.w.org\/{rel}","templated":true}]}}