{"id":9384,"date":"2024-03-11T15:25:07","date_gmt":"2024-03-11T12:25:07","guid":{"rendered":"https:\/\/drgosmile.com\/personal-data-protection-and-processing-policy\/"},"modified":"2026-01-16T11:58:54","modified_gmt":"2026-01-16T08:58:54","slug":"richtlinie-zum-schutz-und-zur-verarbeitung-personenbezogener-daten","status":"publish","type":"page","link":"https:\/\/drgosmile.com\/de\/richtlinie-zum-schutz-und-zur-verarbeitung-personenbezogener-daten\/","title":{"rendered":"Richtlinie zum Schutz und zur Verarbeitung personenbezogener Daten"},"content":{"rendered":"<h2 style=\"text-align: center;\"><strong>Richtlinie zum Schutz und zur Verarbeitung personenbezogener Daten<\/strong><\/h2>\n<p>&nbsp;<\/p>\n<p>Der Verantwortliche, die Praxis des Do\u00e7. Dr. G\u00fcncel \u00d6zt\u00fcrk,, misst dem Schutz personenbezogener Daten von Kunden, Mitarbeitenden sowie sonstigen nat\u00fcrlichen Personen, mit denen sie in Beziehung steht, gem\u00e4\u00df den Bestimmungen des Gesetzes zum Schutz personenbezogener Daten und im Rahmen der Grunds\u00e4tze einer hohen Dienstleistungsqualit\u00e4t, des Respekts vor den Rechten des Einzelnen, der Transparenz und der Redlichkeit gro\u00dfe Bedeutung bei. Der Vertraulichkeit der Patientendaten und der bestm\u00f6glichen sowie sorgf\u00e4ltigen Verarbeitung und Aufbewahrung s\u00e4mtlicher personenbezogener Daten unserer Patienten wird h\u00f6chste Priorit\u00e4t einger\u00e4umt. Diese Richtlinie wurde erstellt, um die personenbezogenen Daten unserer Patienten sowie von Begleitpersonen, Besuchern und Mitarbeitenden der Institutionen und Organisationen, mit denen wir zusammenarbeiten, im Rahmen der in der Gesetzgebung festgelegten Grundprinzipien zu sch\u00fctzen und zu verarbeiten.<\/p>\n<p>&nbsp;<\/p>\n<p>Zweck dieser Richtlinie ist es, Transparenz sicherzustellen, indem die Personen, deren personenbezogene Daten verarbeitet werden, insbesondere unsere Patienten, Begleitpersonen, Besucher, Mitarbeitenden und Institutionsverantwortlichen sowie die Mitarbeitenden und Verantwortlichen der Institutionen, mit denen wir zusammenarbeiten, und Dritte, im Rahmen der von unserer Praxis rechtskonform durchgef\u00fchrten Verarbeitung personenbezogener Daten informiert werden. In diesem Zusammenhang werden gem\u00e4\u00df dem Gesetz Nr. 6698 und der einschl\u00e4gigen Gesetzgebung die erforderlichen administrativen und technischen Ma\u00dfnahmen zum Schutz und zur Verarbeitung personenbezogener Daten getroffen. Nat\u00fcrliche Personen, deren personenbezogene Daten im Rahmen dieser Richtlinie verarbeitet werden, werden als Datenbetroffene Person, Betroffene Person oder Inhaber personenbezogener Daten bezeichnet.<\/p>\n<p>&nbsp;<\/p>\n<p><strong>Ausdr\u00fcckliche Einwilligung:<\/strong> Eine Einwilligung, die sich auf einen bestimmten Sachverhalt bezieht, auf Information beruht und aus freiem Willen erkl\u00e4rt wird.<\/p>\n<p><strong>Anonymisierung:<\/strong> Die Ver\u00e4nderung personenbezogener Daten in einer Weise, dass sie ihren Charakter als personenbezogene Daten verlieren und dieser Zustand nicht r\u00fcckg\u00e4ngig gemacht werden kann. Beispielsweise das Unm\u00f6glichmachen einer Zuordnung zu einer nat\u00fcrlichen Person durch Techniken wie Maskierung, Aggregation, Datenverf\u00e4lschung usw. Eine Anonymisierung personenbezogener Daten zu verschiedenen Zwecken ist nur m\u00f6glich, sofern dadurch der Anwendungsbereich des KVKK und die ausdr\u00fcckliche Einwilligung nicht verletzt werden und dies der Anfrage und\/oder Einwilligung der betroffenen Person entspricht. Innerhalb unserer Praxis werden die notwendigen Ma\u00dfnahmen getroffen, damit anonymisierte personenbezogene Daten nicht durch verschiedene Methoden wieder identifizierbar gemacht werden.<\/p>\n<p><strong>Mitarbeitende, Anteilseigner und Bevollm\u00e4chtigte der Institutionen, mit denen wir zusammenarbeiten: <\/strong> Bezeichnet nat\u00fcrliche Personen, die in Institutionen besch\u00e4ftigt sind, zu denen wir in jedweder Gesch\u00e4ftsbeziehung stehen (z. B. Gesch\u00e4ftspartner, Lieferant, jedoch nicht hierauf beschr\u00e4nkt), einschlie\u00dflich Anteilseigner und Bevollm\u00e4chtigte dieser Institutionen.<\/p>\n<p><strong>Verarbeitung personenbezogener Daten: <\/strong> Bezeichnet jede Art von Vorgang, der an Daten durchgef\u00fchrt wird, wie die ganz oder teilweise automatisierte oder \u2014 sofern Teil eines Datenverarbeitungssystems \u2014 nicht automatisierte Erhebung, Aufzeichnung, Speicherung, Aufbewahrung, Ver\u00e4nderung, Neuordnung, Offenlegung, \u00dcbermittlung, \u00dcbernahme, Zug\u00e4nglichmachung, Klassifizierung oder die Verhinderung der Nutzung personenbezogener Daten.<\/p>\n<p><strong>Personenbezogene Daten<\/strong>: Bezeichnet jede Information \u00fcber eine identifizierte oder identifizierbare nat\u00fcrliche Person. Alle Informationen, die eine Person identifizierbar machen, sind als personenbezogene Daten geregelt; als Beispiele k\u00f6nnen die t\u00fcrkische Identifikationsnummer, Vor- und Nachname, E-Mail-Adresse, Telefonnummer, Wohnadresse, Geburtsdatum, Bankkontonummer genannt werden.<\/p>\n<p><strong>Besondere Kategorien personenbezogener Daten:<\/strong> Bezeichnet besondere Datenkategorien wie Rasse, ethnische Herkunft, politische Meinung, philosophische \u00dcberzeugung, Religion, Konfession oder sonstige \u00dcberzeugungen, Kleidung, Mitgliedschaft in Verein, Stiftung oder Gewerkschaft, Gesundheit, Sexualleben, strafrechtliche Verurteilungen und sicherheitsbezogene Ma\u00dfnahmen sowie biometrische und genetische Daten.<\/p>\n<p><strong>Dritte: <\/strong> Bezeichnet mit den oben genannten Parteien verbundene dritte nat\u00fcrliche Personen, um die Sicherheit der gesch\u00e4ftlichen Transaktionen zwischen den genannten Parteien zu gew\u00e4hrleisten oder die Rechte dieser Personen zu sch\u00fctzen und einen Vorteil\/Interesse zu sichern. (Beispielsweise Mitarbeitende oder Bevollm\u00e4chtigte des beauftragten Dienstleisters, Begleitperson usw.)<\/p>\n<p><strong>Auftragsverarbeiter:<\/strong> Bezeichnet die nat\u00fcrliche oder juristische Person, die personenbezogene Daten im Namen des Verantwortlichen auf Grundlage der von ihm erteilten Befugnis verarbeitet. Zum Beispiel das IT-Unternehmen, das unsere Daten speichert.<\/p>\n<p><strong>Verantwortlicher: <\/strong> Bezeichnet die Person, die die Zwecke und Mittel der Verarbeitung personenbezogener Daten bestimmt und den Ort verwaltet, an dem die Daten systematisch gef\u00fchrt werden (Datenregistrierungssystem).<\/p>\n<p>&nbsp;<\/p>\n<p>Im Rahmen des KVKK ist unsere Praxis Verantwortlicher und im VERB\u0130S-System registriert. Innerhalb unserer Praxis wurde ein Team (Team des Verantwortlichen f\u00fcr personenbezogene Daten) eingerichtet. In F\u00e4llen, die eine Entscheidung erfordern, wird die Entscheidung nach Einholung der Stellungnahme eines auf personenbezogene Daten spezialisierten Juristen\/Anwalts und nach anschlie\u00dfender Genehmigung durch die Leitung umgesetzt.<\/p>\n<p>&nbsp;<\/p>\n<p>Die verarbeiteten personenbezogenen Daten k\u00f6nnen je nach erbrachter Gesundheitsleistung variieren; sie werden jedoch mittels physischer und\/oder digitaler Methoden erhoben. Besondere Kategorien personenbezogener Daten, insbesondere Gesundheitsdaten, sowie personenbezogene Daten allgemeiner Art, die m\u00fcndlich, schriftlich oder digital \u00fcber unsere Patienten, unsere \u00c4rzte, unser Gesundheitspersonal, unsere Mitarbeitenden, Subunternehmen und deren Mitarbeitende, Unternehmen, mit denen jegliche gesch\u00e4ftliche T\u00e4tigkeiten durchgef\u00fchrt werden, unser Callcenter, die Website unserer Praxis, Online-Dienste und \u00e4hnliche Wege erhoben werden, werden zu den nachstehenden und k\u00fcnftig m\u00f6glicherweise entstehenden weiteren Zwecken verarbeitet:<\/p>\n<ul>\n<li><strong>Durchf\u00fchrung medizinischer Diagnose-, Behandlungs- und Pflegedienstleistungen,<\/strong><\/li>\n<li><strong>Schutz der \u00f6ffentlichen Gesundheit,<\/strong><\/li>\n<li><strong>Planung und \u0443\u043f\u0440\u0430\u0432\u043b\u0435\u043d\u0438\u0435 der pr\u00e4ventivmedizinischen Gesundheitsleistungen sowie deren Finanzierung,<\/strong><\/li>\n<li><strong>M\u00f6glichkeit, unsere Patienten \u00fcber Termine zu informieren<\/strong><\/li>\n<li><strong>Planung und Steuerung interner Verfahren,<\/strong><\/li>\n<li><strong>Durchf\u00fchrung von Analysen zu Verbesserungszwecken, damit Gesundheitsleistungen gesetzeskonform erbracht werden,<\/strong><\/li>\n<li><strong>Durchf\u00fchrung von Risikomanagement- und Qualit\u00e4tsverbesserungsaktivit\u00e4ten,<\/strong><\/li>\n<li><strong>Durchf\u00fchrung von Forschung,<\/strong><\/li>\n<li><strong>Erf\u00fcllung gesetzlicher und regulatorischer Anforderungen,<\/strong><\/li>\n<li><strong>Rechnungsstellung als Gegenleistung f\u00fcr unsere Dienstleistungen,<\/strong><\/li>\n<li><strong>Best\u00e4tigung Ihrer Identit\u00e4t<\/strong><\/li>\n<li><strong>Best\u00e4tigung Ihrer Beziehung zu vertraglich verbundenen Institutionen,<\/strong><\/li>\n<li><strong>Weitergabe s\u00e4mtlicher Informationen, die im Rahmen der Finanzierung von Gesundheitsleistungen von privaten Versicherungsgesellschaften angefordert werden,<\/strong><\/li>\n<li><strong>M\u00f6glichkeit, s\u00e4mtliche Fragen und Beschwerden zu unseren Gesundheitsleistungen zu beantworten,<\/strong><\/li>\n<li><strong>Ergreifen aller erforderlichen technischen und administrativen Ma\u00dfnahmen im Rahmen der Datensicherheit,<\/strong><\/li>\n<li><strong>Sicherstellung der finanziellen Abstimmung in Bezug auf die Ihnen erbrachten Gesundheitsleistungen mit den Institutionen, Banken und s\u00e4mtlichen Stellen (\u00f6ffentlich und privat), bei denen Gesundheitsausgaben eingezogen werden,<\/strong><\/li>\n<li><strong>Weitergabe der angeforderten Informationen an das Gesundheitsministerium sowie andere \u00f6ffentliche Institutionen und Organisationen gem\u00e4\u00df der einschl\u00e4gigen Gesetzgebung,<\/strong><\/li>\n<li><strong>Messung der Patientenzufriedenheit, Erh\u00f6hung der Patientenzufriedenheit,<\/strong><\/li>\n<li><strong>Erf\u00fcllung von Vertr\u00e4gen und \u043d\u0430\u0448\u0438\u0445 gesetzlichen Verpflichtungen usw., <\/strong>zu diesen Zwecken k\u00f6nnen die Daten erhoben und verarbeitet werden.<\/li>\n<\/ul>\n<p>&nbsp;<\/p>\n<p><strong>KATEGORISIERUNG DER VERARBEITETEN PERSONENBEZOGENEN DATEN<\/strong><\/p>\n<p><strong>Identit\u00e4tsdaten: <\/strong>S\u00e4mtliche Angaben zur Identit\u00e4t der Person, die in Dokumenten wie F\u00fchrerschein, Personalausweis, Reisepass, Anwaltsausweis, Heiratsurkunde enthalten sind<\/p>\n<p><strong>Kontaktdaten<\/strong>: Angaben zur Kontaktaufnahme mit dem Dateninhaber wie Telefonnummer, Adresse, Wohnanschrift, E-Mail<\/p>\n<p><strong>Standortdaten:<\/strong> Daten, die eindeutig einer identifizierten oder identifizierbaren nat\u00fcrlichen Person zuzuordnen sind und in einem Datenregistrierungssystem enthalten sind und der Feststellung des Standorts des Dateninhabers dienen<\/p>\n<p><strong>Angaben zu Familienangeh\u00f6rigen und nahestehenden Personen:<\/strong> Angaben \u00fcber Familienangeh\u00f6rige und nahestehende Personen des Inhabers personenbezogener Daten, die eindeutig einer identifizierten oder identifizierbaren nat\u00fcrlichen Person zuzuordnen sind und in einem Datenregistrierungssystem enthalten sind und zum Schutz der rechtlichen Interessen der betreffenden Institution und des Dateninhabers verarbeitet werden<\/p>\n<p><strong>Physischer Raum: <\/strong> Personenbezogene Daten zu Aufzeichnungen und Dokumenten wie Kameraaufnahmen, Fingerabdruckaufzeichnungen sowie visuelle und auditive Aufzeichnungen<\/p>\n<p><strong>Informationen zur Transaktionssicherheit:<\/strong> Personenbezogene Daten, die verarbeitet werden, um unsere technische, administrative, rechtliche und wirtschaftliche Sicherheit bei der Durchf\u00fchrung unserer T\u00e4tigkeiten zu gew\u00e4hrleisten<\/p>\n<p><strong>Finanzdaten: <\/strong> Personenbezogene Daten, die sich auf alle Informationen, Dokumente und Aufzeichnungen beziehen, die ein finanzielles Ergebnis zeigen<\/p>\n<p><strong>Daten von Stellenbewerbern<\/strong>: Personenbezogene Daten, die in Bezug auf Personen verarbeitet werden, die sich beworben haben, um Mitarbeitende zu werden (Lebenslauf- oder CV-Informationen)<\/p>\n<p><strong>Personal-\/Besch\u00e4ftigtendaten:<\/strong> Informationen zu Gehaltsabrechnungen, Disziplinarverfahren, SGK-Informationen, Aufzeichnungen \u00fcber Ein- und Austrittsdokumente, Verm\u00f6genserkl\u00e4rungen, Lebenslaufdaten, Leistungsbeurteilungsberichte, Interviewergebnisse, Inhalt des Arbeitsvertrags, Informationen zum Arbeitsbeginn und zur Beendigung des Arbeitsverh\u00e4ltnisses<\/p>\n<p><strong>Rechtliche Vorg\u00e4nge:<\/strong> Personenbezogene Daten, die im Rahmen der Feststellung und Verfolgung unserer rechtlichen Forderungen und Rechte, der Erf\u00fcllung unserer Verbindlichkeiten sowie unserer gesetzlichen Verpflichtungen verarbeitet werden<\/p>\n<p>&nbsp;<\/p>\n<p>Die oben genannten personenbezogenen Daten k\u00f6nnen im Rahmen gesetzlicher Bestimmungen wie dem Grundgesetz \u00fcber Gesundheitsleistungen Nr. 3359, dem Gesetzesdekret Nr. 663 \u00fcber Organisation und Aufgaben des Gesundheitsministeriums und seiner angeschlossenen Einrichtungen, der Verordnung \u00fcber Privatkrankenh\u00e4user, der Verordnung \u00fcber personenbezogene Gesundheitsdaten sowie den Regelungen des Gesundheitsministeriums usw. verarbeitet werden und in physische Archive und IT-Systeme unserer Praxis und\/oder unserer Lieferanten \u00fcbertragen werden.<\/p>\n<p>&nbsp;<\/p>\n<p>Unsere Praxis akzeptiert, dass sie personenbezogene Daten gem\u00e4\u00df den folgenden Grunds\u00e4tzen verarbeitet:<\/p>\n<ul>\n<li>Verarbeitung im Einklang mit dem Gesetz und dem Grundsatz von Treu und Glauben,<br \/>\n\u2022 Sicherstellung, dass personenbezogene Daten richtig sind und bei Bedarf aktualisiert werden,<br \/>\n\u2022 Verarbeitung zu bestimmten, eindeutigen und legitimen Zwecken,<br \/>\n\u2022 Zweckbindung, Datenminimierung und Verh\u00e4ltnism\u00e4\u00dfigkeit,<br \/>\n\u2022 Aufbewahrung nur so lange, wie dies gesetzlich vorgeschrieben oder f\u00fcr den Verarbeitungszweck erforderlich ist<\/li>\n<\/ul>\n<p>&nbsp;<\/p>\n<p>Die ausdr\u00fcckliche Einwilligung des Dateninhabers ist nur eine der rechtlichen Grundlagen, die eine rechtm\u00e4\u00dfige Verarbeitung personenbezogener Daten erm\u00f6glicht. Neben der ausdr\u00fccklichen Einwilligung k\u00f6nnen personenbezogene Daten auch verarbeitet werden, wenn eine der nachstehend genannten Bedingungen vorliegt. Die Rechtsgrundlage der Verarbeitung personenbezogener Daten kann nur eine der unten genannten Bedingungen sein; es ist jedoch auch m\u00f6glich, dass mehrere dieser Bedingungen die Grundlage derselben Verarbeitungst\u00e4tigkeit bilden. Handelt es sich bei den verarbeiteten Daten um besondere Kategorien personenbezogener Daten, gelten die folgenden Bedingungen:<\/p>\n<ul>\n<li>Vorliegen der ausdr\u00fccklichen Einwilligung des Inhabers personenbezogener Daten,<\/li>\n<li>Ausdr\u00fcckliche gesetzliche Regelung,<\/li>\n<li>Unm\u00f6glichkeit, die ausdr\u00fcckliche Einwilligung der betroffenen Person aufgrund tats\u00e4chlicher Unm\u00f6glichkeit einzuholen<\/li>\n<li>Direkter Zusammenhang mit der Begr\u00fcndung oder Erf\u00fcllung eines Vertrags<\/li>\n<li>Erf\u00fcllung der rechtlichen Verpflichtung der Praxis:<\/li>\n<li>\u00d6ffentliche Bekanntmachung der personenbezogenen Daten durch den Dateninhaber:<\/li>\n<li>Erforderlichkeit der Datenverarbeitung zur Begr\u00fcndung oder zum Schutz eines Rechts:<\/li>\n<li>Erforderlichkeit der Datenverarbeitung f\u00fcr das berechtigte Interesse unserer Praxis, (Der Ausdruck \u201eberechtigte Interessen der Praxis\u201c darf keinesfalls den durch das KVKK festgelegten Grunds\u00e4tzen und dem Zweck der Verarbeitung personenbezogener Daten widersprechen und darf nicht den Wesensgehalt eines durch die Verfassung \u0433\u0430\u0440\u0430\u043d\u0442ierten Rechts beeintr\u00e4chtigen.)<\/li>\n<\/ul>\n<p>&nbsp;<\/p>\n<p>Besondere Kategorien personenbezogener Daten werden von unserer Praxis unter der Voraussetzung verarbeitet, dass ausreichende Ma\u00dfnahmen, die vom Ausschuss f\u00fcr den Schutz personenbezogener Daten festgelegt werden, ergriffen werden, in den folgenden F\u00e4llen:<\/p>\n<ul>\n<li>Wenn der Dateninhaber seine ausdr\u00fcckliche Einwilligung erteilt hat, oder<\/li>\n<li>Wenn der Dateninhaber keine ausdr\u00fcckliche Einwilligung erteilt hat; besondere Kategorien personenbezogener Daten au\u00dfer Gesundheits- und Sexualleben-Daten, in den gesetzlich vorgesehenen F\u00e4llen,<\/li>\n<li>Besondere Kategorien personenbezogener Daten, die die Gesundheit und das Sexualleben des Dateninhabers betreffen, werden nur zum Schutz der \u00f6ffentlichen Gesundheit, f\u00fcr pr\u00e4ventive Medizin, zur medizinischen Diagnose, Behandlung und Durchf\u00fchrung von Pflegeleistungen sowie zur Planung und Verwaltung von Gesundheitsleistungen und deren Finanzierung von Personen verarbeitet, die einer Verschwiegenheitspflicht unterliegen, oder von befugten Institutionen und Organisationen.<\/li>\n<\/ul>\n<p>&nbsp;<\/p>\n<p><strong>TECHNISCHE UND ADMINISTRATIVE MASSNAHMEN<\/strong><\/p>\n<p>Unsere Praxis ergreift gem\u00e4\u00df Artikel 12 des KVKK und den Bestimmungen der Verordnung sowie den oben genannten allgemeinen Grunds\u00e4tzen, dieser Richtlinie und den Entscheidungen des Ausschusses f\u00fcr den Schutz personenbezogener Daten die erforderlichen technischen und administrativen Ma\u00dfnahmen unter Ber\u00fccksichtigung der technologischen M\u00f6glichkeiten und der Umsetzungskosten in Bezug auf die folgenden Punkte:<\/p>\n<ul>\n<li>Erforderliche Software und Hardware wurden bestimmt. Auf Computern und E-Mail-Konten werden starke Passw\u00f6rter verwendet.<\/li>\n<li>Die zu sch\u00fctzenden Informationen zum Schutz von Kundeninformationen wurden unserem Personal durch Schulungen vermittelt, und die Verantwortlichkeiten wurden durch Arbeitsvertr\u00e4ge schriftlich festgehalten. (Vertraulichkeitsvereinbarungen) Diese Verpflichtung besteht auch nach dem Ausscheiden der betroffenen Personen fort.<\/li>\n<li>Die erforderliche Infrastruktur zur Sicherung aller Daten wurde geschaffen.<\/li>\n<li>Die Mitarbeitenden, die auf Daten auf den Computern zugreifen k\u00f6nnen, wurden bestimmt.<\/li>\n<li>Kundendateien und -informationen werden nur den Betroffenen selbst, ihren Angeh\u00f6rigen mit schriftlicher Zustimmung, den zust\u00e4ndigen \u00f6ffentlichen Institutionen und Organisationen im Rahmen der Gesetzgebung sowie den zust\u00e4ndigen Justizbeh\u00f6rden in rechtlichen F\u00e4llen zur Verf\u00fcgung gestellt.<\/li>\n<li>Vor Beginn der Verarbeitung personenbezogener Daten erf\u00fcllt die Institution ihre Informationspflicht gegen\u00fcber den betroffenen Personen.<\/li>\n<li>Ein Verzeichnis der Verarbeitung personenbezogener Daten wurde erstellt.<\/li>\n<li>Die betreffenden Inhaber personenbezogener Daten werden \u00fcber diese Punkte durch Texte informiert, die in unserer Praxis ausgeh\u00e4ngt oder Besuchern auf andere Weise zug\u00e4nglich gemacht werden.<\/li>\n<\/ul>\n<p>&nbsp;<\/p>\n<p>Ihre personenbezogenen Daten k\u00f6nnen im Einklang mit den von dem Gesetz vorgesehenen Grundprinzipien und innerhalb der in den Artikeln 8 und 9 des Gesetzes genannten Bedingungen und Zwecke der Verarbeitung personenbezogener Daten sowie zu den oben genannten Zwecken von unserer Praxis mit dem Gesundheitsministerium, seinen angeschlossenen Untereinheiten und den Zentren der Familienmedizin, privaten Versicherungsgesellschaften (Kranken-, Renten- und Lebensversicherung und dergleichen), der Sozialversicherungsanstalt, der Generaldirektion der Sicherheit und anderen Strafverfolgungsbeh\u00f6rden, der Generaldirektion f\u00fcr Bev\u00f6lkerung, der T\u00fcrkischen Apothekerkammer, Staatsanwaltschaften und Gerichten, inl\u00e4ndischen oder ausl\u00e4ndischen Laboren, medizinischen Zentren und dritten Gesundheitsdienstleistern, mit denen wir f\u00fcr die medizinische Diagnose zusammenarbeiten, der Gesundheitseinrichtung, an die der Patient \u00fcberwiesen wurde oder bei der der Patient selbst vorstellig wird, Ihren ordnungsgem\u00e4\u00df bevollm\u00e4chtigten Vertretern, dritten Personen, von denen wir Beratung erhalten, Regulierungs- und Aufsichtsbeh\u00f6rden sowie amtlichen Stellen, unseren Lieferanten und Support-Dienstleistern, deren Dienste wir in Anspruch nehmen oder mit denen wir zusammenarbeiten, im Rahmen der in den Artikeln 8 und 9 des Gesetzes genannten Bedingungen und Zwecke der Verarbeitung personenbezogener Daten geteilt werden.<\/p>\n<p>&nbsp;<\/p>\n<p>In Bezug auf die verarbeiteten personenbezogenen Daten hat die betroffene Person das Recht zu erfahren, ob personenbezogene Daten verarbeitet werden, falls ja, Auskunft dar\u00fcber zu verlangen, auf personenbezogene Gesundheitsdaten zuzugreifen und diese anzufordern, zu erfahren, ob sie zweckentsprechend verwendet werden, die Dritten zu erfahren, an die sie \u00fcbermittelt werden, im Falle einer fehlerhaften Verarbeitung deren Berichtigung zu verlangen, die L\u00f6schung oder Vernichtung personenbezogener Daten zu verlangen, im Falle einer fehlerhaften Verarbeitung die Benachrichtigung der Dritten, an die die Daten \u00fcbermittelt wurden, \u00fcber die Berichtigung zu verlangen, gegen ein zu ihren Ungunsten entstehendes Ergebnis infolge einer Analyse durch automatisierte Systeme Widerspruch einzulegen sowie Schadensersatz f\u00fcr Sch\u00e4den zu verlangen, die aufgrund einer rechtswidrigen Verarbeitung personenbezogener Daten entstanden sind. Durch eine schriftliche Anfrage an unsere Praxis k\u00f6nnen die oben beschriebenen Rechte ausge\u00fcbt werden.<\/p>\n<p>Durch den Einsatz von Sicherheitskameras und die Aufzeichnung von Bildern bei Ein- und Ausg\u00e4ngen von G\u00e4sten f\u00fchrt unsere Praxis T\u00e4tigkeiten der Verarbeitung personenbezogener Daten durch. In diesem Rahmen handelt unsere Praxis im Einklang mit dem Gesetz zum Schutz personenbezogener Daten und den Sicherheitsvorschriften.<\/p>\n<p>Auf digital gespeicherte und aufbewahrte Aufzeichnungen haben nur autorisierte Mitarbeitende und\/oder Mitarbeitende des Lieferantenunternehmens Zugriff. Kameraaufzeichnungen werden f\u00fcr 2 Monate gespeichert.<\/p>\n<p>Diese Richtlinie gilt als in Kraft getreten, nachdem sie auf der Internetseite ver\u00f6ffentlicht wurde.<\/p>\n<p>\u00fcbersetze den gesamten von mir gesendeten Inhalt vollst\u00e4ndig, ohne die HTML-\/Code-Struktur zu ver\u00e4ndern, sodass nur die Texte auf Deutsch sind<\/p>\n","protected":false},"excerpt":{"rendered":"<p>Richtlinie zum Schutz und zur Verarbeitung personenbezogener Daten &nbsp; Der Verantwortliche, die Praxis des Do\u00e7. Dr. G\u00fcncel \u00d6zt\u00fcrk,, misst dem Schutz personenbezogener Daten von Kunden, Mitarbeitenden sowie sonstigen nat\u00fcrlichen Personen, mit denen sie in Beziehung steht, gem\u00e4\u00df den Bestimmungen des Gesetzes zum Schutz personenbezogener Daten und im Rahmen der Grunds\u00e4tze einer hohen Dienstleistungsqualit\u00e4t, des Respekts [&hellip;]<\/p>\n","protected":false},"author":1,"featured_media":0,"parent":0,"menu_order":0,"comment_status":"closed","ping_status":"closed","template":"","meta":{"footnotes":""},"class_list":["post-9384","page","type-page","status-publish","hentry"],"_links":{"self":[{"href":"https:\/\/drgosmile.com\/de\/wp-json\/wp\/v2\/pages\/9384","targetHints":{"allow":["GET"]}}],"collection":[{"href":"https:\/\/drgosmile.com\/de\/wp-json\/wp\/v2\/pages"}],"about":[{"href":"https:\/\/drgosmile.com\/de\/wp-json\/wp\/v2\/types\/page"}],"author":[{"embeddable":true,"href":"https:\/\/drgosmile.com\/de\/wp-json\/wp\/v2\/users\/1"}],"replies":[{"embeddable":true,"href":"https:\/\/drgosmile.com\/de\/wp-json\/wp\/v2\/comments?post=9384"}],"version-history":[{"count":4,"href":"https:\/\/drgosmile.com\/de\/wp-json\/wp\/v2\/pages\/9384\/revisions"}],"predecessor-version":[{"id":11157,"href":"https:\/\/drgosmile.com\/de\/wp-json\/wp\/v2\/pages\/9384\/revisions\/11157"}],"wp:attachment":[{"href":"https:\/\/drgosmile.com\/de\/wp-json\/wp\/v2\/media?parent=9384"}],"curies":[{"name":"wp","href":"https:\/\/api.w.org\/{rel}","templated":true}]}}