{"id":10229,"date":"2025-12-10T09:51:11","date_gmt":"2025-12-10T06:51:11","guid":{"rendered":"https:\/\/drgosmile.com\/hakkimizda\/"},"modified":"2025-12-10T10:01:41","modified_gmt":"2025-12-10T07:01:41","slug":"sobre-nosotros","status":"publish","type":"page","link":"https:\/\/drgosmile.com\/es\/sobre-nosotros\/","title":{"rendered":"Sobre nosotros"},"content":{"rendered":"<div class=\"elementor-element elementor-element-7b52e73 elementor-widget elementor-widget-heading\" data-id=\"7b52e73\" data-element_type=\"widget\" data-widget_type=\"heading.default\">\n<div class=\"elementor-widget-container\">\n<h2 class=\"elementor-heading-title elementor-size-default\">Alcanzar el arte de la est\u00e9tica con Dr. GO<\/h2>\n<\/div>\n<\/div>\n<div class=\"elementor-element elementor-element-fea08ec elementor-widget elementor-widget-heading\" data-id=\"fea08ec\" data-element_type=\"widget\" data-widget_type=\"heading.default\">\n<div class=\"elementor-widget-container\">\n<h2 class=\"elementor-heading-title elementor-size-default\">Somos una cl\u00ednica de est\u00e9tica dental que identifica los problemas de salud bucal de los pacientes y ofrece soluciones personalizadas, adem\u00e1s de servicios adicionales de apoyo y prevenci\u00f3n cuando sea necesario.<\/h2>\n<\/div>\n<div class=\"elementor-element elementor-element-1186779 elementor-widget elementor-widget-heading\" data-id=\"1186779\" data-element_type=\"widget\" data-widget_type=\"heading.default\">\n<div class=\"elementor-widget-container\">\n<h2 class=\"elementor-heading-title elementor-size-default\">Nuestra misi\u00f3n<\/h2>\n<\/div>\n<\/div>\n<div class=\"elementor-element elementor-element-a8df247 elementor-widget elementor-widget-text-editor\" data-id=\"a8df247\" data-element_type=\"widget\" data-widget_type=\"text-editor.default\">\n<div class=\"elementor-widget-container\">\n<p>Nuestro objetivo es combinar el concepto de \u201ctratamientos dentales\u201d con la comprensi\u00f3n y percepci\u00f3n tradicionales, utilizando el \u201carte\u201d necesario para ofrecer un servicio innovador, diferente y del m\u00e1s alto nivel.<\/p>\n<p>Buscamos avanzar al mismo ritmo que los desarrollos globales, demostrando nuestro compromiso con la tecnolog\u00eda m\u00e1s avanzada.<\/p>\n<p>Respetando los derechos de los pacientes y siguiendo continuamente los avances m\u00e9dicos, te ayudamos a lograr la sonrisa que sue\u00f1as sin comprometer la \u00e9tica ni la calidad. Durante este proceso, siempre tendremos en cuenta tus necesidades y expectativas.<\/p>\n<div class=\"elementor-element elementor-element-e7da206 elementor-widget elementor-widget-heading\" data-id=\"e7da206\" data-element_type=\"widget\" data-widget_type=\"heading.default\">\n<div class=\"elementor-widget-container\">\n<h2 class=\"elementor-heading-title elementor-size-default\">Nuestros valores<\/h2>\n<\/div>\n<\/div>\n<div class=\"elementor-element elementor-element-5d582a5 elementor-widget elementor-widget-text-editor\" data-id=\"5d582a5\" data-element_type=\"widget\" data-widget_type=\"text-editor.default\">\n<div class=\"elementor-widget-container\">\n<p>Nos comunicamos individualmente con nuestros pacientes, escuchamos sus opiniones y tomamos en cuenta sus solicitudes.<\/p>\n<p>Informamos a nuestros pacientes de manera clara y responsable para lograr los mejores resultados. Adoptamos la transparencia y la confianza mutua, y siempre reflejamos informaci\u00f3n precisa y comprensi\u00f3n dentro del marco de los valores \u00e9ticos.<\/p>\n<p>Nuestros pacientes son nuestros invitados. Todos los procedimientos se realizan bajo las condiciones de la m\u00e1s alta calidad, garantizando el m\u00e1ximo confort del paciente.<\/p>\n<\/div>\n<\/div>\n<\/div>\n<\/div>\n<div class=\"elementor-widget-container\">\n<p>&nbsp;<\/p>\n<\/div>\n<\/div>\n","protected":false},"excerpt":{"rendered":"<p>Alcanzar el arte de la est\u00e9tica con Dr. GO Somos una cl\u00ednica de est\u00e9tica dental que identifica los problemas de salud bucal de los pacientes y ofrece soluciones personalizadas, adem\u00e1s de servicios adicionales de apoyo y prevenci\u00f3n cuando sea necesario. Nuestra misi\u00f3n Nuestro objetivo es combinar el concepto de \u201ctratamientos dentales\u201d con la comprensi\u00f3n y [&hellip;]<\/p>\n","protected":false},"author":1,"featured_media":0,"parent":0,"menu_order":0,"comment_status":"closed","ping_status":"closed","template":"","meta":{"footnotes":""},"class_list":["post-10229","page","type-page","status-publish","hentry"],"_links":{"self":[{"href":"https:\/\/drgosmile.com\/es\/wp-json\/wp\/v2\/pages\/10229","targetHints":{"allow":["GET"]}}],"collection":[{"href":"https:\/\/drgosmile.com\/es\/wp-json\/wp\/v2\/pages"}],"about":[{"href":"https:\/\/drgosmile.com\/es\/wp-json\/wp\/v2\/types\/page"}],"author":[{"embeddable":true,"href":"https:\/\/drgosmile.com\/es\/wp-json\/wp\/v2\/users\/1"}],"replies":[{"embeddable":true,"href":"https:\/\/drgosmile.com\/es\/wp-json\/wp\/v2\/comments?post=10229"}],"version-history":[{"count":2,"href":"https:\/\/drgosmile.com\/es\/wp-json\/wp\/v2\/pages\/10229\/revisions"}],"predecessor-version":[{"id":10243,"href":"https:\/\/drgosmile.com\/es\/wp-json\/wp\/v2\/pages\/10229\/revisions\/10243"}],"wp:attachment":[{"href":"https:\/\/drgosmile.com\/es\/wp-json\/wp\/v2\/media?parent=10229"}],"curies":[{"name":"wp","href":"https:\/\/api.w.org\/{rel}","templated":true}]}}