{"id":9652,"date":"2024-03-11T15:25:07","date_gmt":"2024-03-11T12:25:07","guid":{"rendered":"https:\/\/drgosmile.com\/personal-data-protection-and-processing-policy\/"},"modified":"2026-01-16T12:37:17","modified_gmt":"2026-01-16T09:37:17","slug":"politica-de-proteccion-y-tratamiento-de-datos-personales","status":"publish","type":"page","link":"https:\/\/drgosmile.com\/es\/politica-de-proteccion-y-tratamiento-de-datos-personales\/","title":{"rendered":"Pol\u00edtica de Protecci\u00f3n y Tratamiento de Datos Personales"},"content":{"rendered":"<h2 style=\"text-align: center;\"><strong>Pol\u00edtica de Protecci\u00f3n y Tratamiento de Datos Personales<\/strong><\/h2>\n<p>&nbsp;<\/p>\n<p>El responsable del tratamiento, la consulta del Do\u00e7. Dr. G\u00fcncel \u00d6zt\u00fcrk,, en el marco de los principios de alta calidad del servicio, respeto a los derechos de las personas, transparencia y honestidad, otorga gran importancia a la protecci\u00f3n de los datos personales de sus clientes, empleados y dem\u00e1s personas f\u00edsicas con las que se relaciona, de conformidad con las regulaciones establecidas por la Ley de Protecci\u00f3n de Datos Personales. Se concede gran importancia a la confidencialidad del paciente y a que todo tipo de datos personales de nuestros pacientes se traten y conserven con el m\u00e1ximo cuidado posible. Esta pol\u00edtica ha sido elaborada con el fin de proteger y tratar los datos personales de nuestros pacientes, as\u00ed como de acompa\u00f1antes, visitantes y empleados de instituciones y organizaciones con las que colaboramos, en el marco de los principios fundamentales establecidos en la legislaci\u00f3n.<\/p>\n<p>&nbsp;<\/p>\n<p>El objetivo de esta Pol\u00edtica es garantizar la transparencia informando a las personas cuyos datos personales son tratados, en el marco de la actividad de tratamiento de datos personales llevada a cabo por nuestra consulta de conformidad con la legislaci\u00f3n, en particular a nuestros pacientes, acompa\u00f1antes, visitantes, empleados y representantes de instituciones, as\u00ed como a empleados y representantes de las instituciones con las que colaboramos y a terceros. En este contexto, de conformidad con la Ley n.\u00ba 6698 y la legislaci\u00f3n aplicable, se adoptan las medidas administrativas y t\u00e9cnicas necesarias para el tratamiento y la protecci\u00f3n de los datos personales. En el marco de esta pol\u00edtica, las personas f\u00edsicas cuyos datos personales son tratados se denominan Titular de los Datos, Persona Interesada o Propietario de Datos Personales.<\/p>\n<p>&nbsp;<\/p>\n<p><strong>Consentimiento Expl\u00edcito:<\/strong> Consentimiento relativo a un asunto espec\u00edfico, basado en informaci\u00f3n y expresado con libre voluntad.<\/p>\n<p><strong>Anonimizaci\u00f3n:<\/strong> Modificaci\u00f3n de los datos personales de manera que pierdan su car\u00e1cter de dato personal y que esta situaci\u00f3n no pueda revertirse. Por ejemplo, hacer que los datos personales no puedan asociarse con una persona f\u00edsica mediante t\u00e9cnicas como enmascaramiento, agregaci\u00f3n, distorsi\u00f3n de datos, etc. Es posible anonimizar los datos personales para diversos fines, siempre que no se vulnere el \u00e1mbito de la KVKK ni el consentimiento expl\u00edcito y que sea conforme a la solicitud y\/o el consentimiento del interesado. En nuestra consulta se adoptar\u00e1n las medidas necesarias para evitar que los datos personales anonimizados puedan volver a hacerse identificables mediante diversos m\u00e9todos.<\/p>\n<p><strong>Empleados, Accionistas y Representantes de las Instituciones con las que Colaboramos: <\/strong> Se refiere a las personas f\u00edsicas que trabajan en cualquier instituci\u00f3n con la que mantengamos relaciones comerciales (como socio, proveedor, entre otros, sin limitarse a estos), incluidos los empleados, los accionistas y los representantes de dichas instituciones.<\/p>\n<p><strong>Tratamiento de Datos Personales: <\/strong> Se refiere a cualquier operaci\u00f3n realizada sobre los datos, como la obtenci\u00f3n, registro, almacenamiento, conservaci\u00f3n, modificaci\u00f3n, reordenaci\u00f3n, divulgaci\u00f3n, transferencia, adquisici\u00f3n, puesta a disposici\u00f3n, clasificaci\u00f3n o bloqueo del uso de los datos personales, por medios total o parcialmente automatizados o por medios no automatizados, siempre que formen parte de un sistema de registro de datos.<\/p>\n<p><strong>Dato Personal<\/strong>: Se refiere a toda informaci\u00f3n relativa a una persona f\u00edsica identificada o identificable. Toda la informaci\u00f3n que haga identificable a una persona est\u00e1 regulada como dato personal; por ejemplo, el N\u00famero de Identidad TR, nombre y apellidos, direcci\u00f3n de correo electr\u00f3nico, n\u00famero de tel\u00e9fono, direcci\u00f3n de residencia, fecha de nacimiento, n\u00famero de cuenta bancaria, etc.<\/p>\n<p><strong>Dato Personal de Car\u00e1cter Especial:<\/strong> Se refiere a los datos especiales como raza, origen \u00e9tnico, opini\u00f3n pol\u00edtica, convicci\u00f3n filos\u00f3fica, religi\u00f3n, secta u otras creencias, vestimenta, afiliaci\u00f3n a asociaciones, fundaciones o sindicatos, salud, vida sexual, condenas penales y medidas de seguridad, as\u00ed como datos biom\u00e9tricos y gen\u00e9ticos.<\/p>\n<p><strong>Tercero: <\/strong> Se refiere a las personas f\u00edsicas terceras relacionadas con las partes mencionadas anteriormente, con el fin de garantizar la seguridad de las transacciones comerciales entre dichas partes o de proteger los derechos y proporcionar beneficios a las personas mencionadas. (Por ejemplo, empleados o representantes de la empresa prestadora del servicio, Acompa\u00f1ante, etc.)<\/p>\n<p><strong>Encargado del Tratamiento:<\/strong> Se refiere a la persona f\u00edsica o jur\u00eddica que trata datos personales por cuenta del responsable del tratamiento, en virtud de la autorizaci\u00f3n otorgada por este. Por ejemplo, la empresa inform\u00e1tica que conserva nuestros datos.<\/p>\n<p><strong>Responsable del Tratamiento: <\/strong> Se refiere a la persona que determina los fines y los medios del tratamiento de los datos personales y gestiona el lugar (sistema de registro de datos) donde los datos se conservan de manera sistem\u00e1tica.<\/p>\n<p>&nbsp;<\/p>\n<p>En el marco de la KVKK, nuestra consulta ostenta la condici\u00f3n de responsable del tratamiento y est\u00e1 registrada en el sistema VERB\u0130S. Se ha constituido un equipo (Equipo Responsable de Datos Personales) en nuestra consulta. En los casos que requieran la adopci\u00f3n de una decisi\u00f3n, el Equipo Responsable de Datos Personales, tras obtener la opini\u00f3n de un jurista\/abogado experto en datos personales, y con la aprobaci\u00f3n de la direcci\u00f3n, pone en pr\u00e1ctica la decisi\u00f3n adoptada.<\/p>\n<p>&nbsp;<\/p>\n<p>Los datos personales tratados pueden variar en funci\u00f3n de los servicios sanitarios prestados y se recogen por m\u00e9todos f\u00edsicos y\/o digitales. Los datos personales de car\u00e1cter especial, principalmente los datos de salud, y los datos personales de car\u00e1cter general, recopilados de forma oral, escrita o digital a trav\u00e9s de nuestros pacientes, m\u00e9dicos, personal sanitario, etc., empleados, empresas subcontratistas y sus empleados, empresas con las que se realizan actividades comerciales de cualquier tipo, nuestro centro de llamadas, el sitio web de nuestra consulta, servicios en l\u00ednea y v\u00edas similares, se tratan para los fines indicados a continuaci\u00f3n y para otros fines que puedan surgir en el futuro:<\/p>\n<ul>\n<li><strong>Realizaci\u00f3n del diagn\u00f3stico m<\/strong><strong>\u00e9dico, tratamiento y prestaci\u00f3n de servicios de atenci\u00f3n,<\/strong><\/li>\n<li><strong>Protecci\u00f3n de la salud p\u00fablica,<\/strong><\/li>\n<li><strong>Planificaci\u00f3n y g<\/strong><strong>esti\u00f3n de los servicios de salud preventiva y de su financiaci\u00f3n,<\/strong><\/li>\n<li><strong>Poder informar a nuestros pacientes sobre la cita<\/strong><\/li>\n<li><strong>Planificaci\u00f3n y g<\/strong><strong>esti\u00f3n de los procedimientos internos,<\/strong><\/li>\n<li><strong>Realizar an\u00e1lisis con el fin de mejorar la prestaci\u00f3n de servicios sanitarios conforme a la normativa,<\/strong><\/li>\n<li><strong>Realizaci\u00f3n de actividades de gesti\u00f3n de riesgos y mejora de la calidad,<\/strong><\/li>\n<li><strong>Realizaci\u00f3n de investigaciones,<\/strong><\/li>\n<li><strong>Cumplimiento de los requisitos legales y regulatorios,<\/strong><\/li>\n<li><strong>Facturaci\u00f3n por nuestros servicios,<\/strong><\/li>\n<li><strong>Verificaci\u00f3n de su identidad<\/strong><\/li>\n<li><strong>Verificaci\u00f3n de su relaci\u00f3n con las instituciones con convenio,<\/strong><\/li>\n<li><strong>Compartir toda la informaci\u00f3n solicitada por compa\u00f1\u00edas de seguros privadas en el marco de la financiaci\u00f3n de los servicios sanitarios,<\/strong><\/li>\n<li><strong>Poder responder a todas sus preguntas y reclamaciones relacionadas con nuestros servicios sanitarios,<\/strong><\/li>\n<li><strong>Adoptar todas las medidas t\u00e9cnicas y administrativas necesarias en el marco de la seguridad de los datos,<\/strong><\/li>\n<li><strong>Garantizar la conciliaci\u00f3n financiera, relativa a los servicios sanitarios que se le prestan, con las instituciones con las que tenemos convenio, bancos y todas las entidades (p\u00fablicas y privadas) que cobran gastos sanitarios,<\/strong><\/li>\n<li><strong>Compartir la informaci\u00f3n solicitada con el Ministerio de Salud y otras instituciones y organismos p\u00fablicos conforme a la normativa aplicable,<\/strong><\/li>\n<li><strong>Medici\u00f3n de la satisfacci\u00f3n del paciente e incremento de la satisfacci\u00f3n del paciente,<\/strong><\/li>\n<li><strong>Poder cumplir con contratos y nuestras obligaciones legales, etc., <\/strong>pueden recopilarse y tratarse para el cumplimiento de dichos fines.<\/li>\n<\/ul>\n<p>&nbsp;<\/p>\n<p><strong>CATEGORIZACI\u00d3N DE LOS DATOS PERSONALES TRATADOS<\/strong><\/p>\n<p><strong>Informaci\u00f3n de Identidad: <\/strong> Toda la informaci\u00f3n relativa a la identidad de la persona incluida en documentos como licencia de conducir, documento de identidad, pasaporte, credencial de abogado, libro de familia, etc.<\/p>\n<p><strong>Informaci\u00f3n de Contacto<\/strong>: Informaci\u00f3n destinada a contactar con el titular de los datos, como n\u00famero de tel\u00e9fono, direcci\u00f3n, domicilio, correo electr\u00f3nico<\/p>\n<p><strong>Dato de Ubicaci\u00f3n:<\/strong> Datos que, de forma manifiesta, pertenecen a una persona f\u00edsica identificada o identificable y que, dentro del sistema de registro de datos, permiten determinar la ubicaci\u00f3n del titular de los datos<\/p>\n<p><strong>Informaci\u00f3n sobre Familiares y Personas Cercanas:<\/strong> Informaci\u00f3n relativa a los familiares y personas cercanas del titular de los datos personales, que pertenece claramente a una persona f\u00edsica identificada o identificable y que figura en el sistema de registro de datos, tratada con el fin de proteger los intereses jur\u00eddicos de la Instituci\u00f3n correspondiente y del titular de los datos<\/p>\n<p><strong>Espacio F\u00edsico: <\/strong> Datos personales relativos a registros y documentos como grabaciones de c\u00e1maras, registros de huellas dactilares, registros visuales y auditivos<\/p>\n<p><strong>Informaci\u00f3n de Seguridad de las Operaciones:<\/strong> Datos personales tratados para garantizar la seguridad t\u00e9cnica, administrativa, jur\u00eddica y comercial durante la realizaci\u00f3n de nuestras actividades<\/p>\n<p><strong>Informaci\u00f3n Financiera: <\/strong> Datos personales tratados relativos a cualquier informaci\u00f3n, documento y registro que muestre un resultado financiero<\/p>\n<p><strong>Informaci\u00f3n del Candidato a Empleado<\/strong>: Datos personales tratados relativos a personas que han solicitado un puesto de trabajo (CV o informaci\u00f3n del curr\u00edculum)<\/p>\n<p><strong>Informaci\u00f3n de Personal:<\/strong> Informaci\u00f3n relativa a n\u00f3minas, investigaciones disciplinarias, datos de la SGK, registros de documentos de entrada-salida laboral, informaci\u00f3n de declaraci\u00f3n patrimonial, informaci\u00f3n de curr\u00edculum, informes de evaluaci\u00f3n del desempe\u00f1o, resultados de entrevistas, contenido del contrato de trabajo, informaci\u00f3n de inicio del trabajo y de finalizaci\u00f3n del trabajo<\/p>\n<p><strong>Tr\u00e1mite Jur\u00eddico:<\/strong> Datos personales tratados en el marco de la determinaci\u00f3n y seguimiento de nuestros cr\u00e9ditos y derechos legales y el cumplimiento de nuestras deudas, as\u00ed como de nuestras obligaciones legales<\/p>\n<p>&nbsp;<\/p>\n<p>Los datos personales mencionados podr\u00e1n tratarse en el marco de las disposiciones legales, tales como la Ley B\u00e1sica de Servicios de Salud n.\u00ba 3359, el Decreto Ley n.\u00ba 663 sobre la Organizaci\u00f3n y Funciones del Ministerio de Salud y sus Instituciones Vinculadas, el Reglamento de Hospitales Privados, el Reglamento de Datos de Salud Personales y las regulaciones del Ministerio de Salud, etc., y podr\u00e1n transferirse a los archivos f\u00edsicos y sistemas inform\u00e1ticos de nuestra consulta y\/o de nuestros proveedores.<\/p>\n<p>&nbsp;<\/p>\n<p>Nuestra consulta acepta que tratar\u00e1 los datos personales conforme a los siguientes principios:<\/p>\n<ul>\n<li>Cumplimiento de la ley y del principio de buena fe,<br \/>\n\u2022 Garantizar que los datos personales sean correctos y, cuando sea necesario, est\u00e9n actualizados,<br \/>\n\u2022 Tratar para fines determinados, expl\u00edcitos y leg\u00edtimos,<br \/>\n\u2022 Ser pertinentes, limitados y proporcionales al fin para el que se tratan,<br \/>\n\u2022 Conservarlos durante el plazo previsto en la normativa aplicable o necesario para el fin del tratamiento<\/li>\n<\/ul>\n<p>&nbsp;<\/p>\n<p>El consentimiento expl\u00edcito del titular de los datos personales es solo una de las bases jur\u00eddicas que permiten el tratamiento l\u00edcito de los datos personales. Adem\u00e1s del consentimiento expl\u00edcito, los datos personales tambi\u00e9n pueden tratarse si existe una de las dem\u00e1s condiciones indicadas a continuaci\u00f3n. La base jur\u00eddica de la actividad de tratamiento de datos personales puede ser solo una de las condiciones siguientes, o varias de ellas pueden constituir la base jur\u00eddica del mismo tratamiento. En caso de que los datos tratados sean datos personales de car\u00e1cter especial, se aplicar\u00e1n las condiciones siguientes:<\/p>\n<ul>\n<li>Existencia del Consentimiento Expl\u00edcito del Titular de los Datos Personales,<\/li>\n<li>Que est\u00e9 expresamente previsto en las leyes,<\/li>\n<li>Imposibilidad de obtener el consentimiento expl\u00edcito del interesado por causa de imposibilidad de hecho<\/li>\n<li>Relaci\u00f3n directa con la celebraci\u00f3n o ejecuci\u00f3n del contrato<\/li>\n<li>Cumplimiento de la obligaci\u00f3n legal de la consulta:<\/li>\n<li>Que el Titular de los Datos Personales haga p\u00fablicos sus datos personales:<\/li>\n<li>Que el tratamiento de datos sea obligatorio para el establecimiento o la protecci\u00f3n de un derecho:<\/li>\n<li>Que el tratamiento de datos sea obligatorio para el inter\u00e9s leg\u00edtimo de nuestra consulta, (La expresi\u00f3n \u201cintereses leg\u00edtimos de la consulta\u201d no puede, de ning\u00fan modo, ser contraria a los principios determinados por la KVKK ni a la finalidad del tratamiento del dato personal, y no puede constituir una intervenci\u00f3n en la esencia del derecho garantizado por la Constituci\u00f3n.)<\/li>\n<\/ul>\n<p>&nbsp;<\/p>\n<p>Los datos personales de car\u00e1cter especial son tratados por nuestra consulta, a condici\u00f3n de que se adopten las medidas adecuadas que ser\u00e1n determinadas por el Consejo de Protecci\u00f3n de Datos Personales, en los siguientes casos:<\/p>\n<ul>\n<li>Si el titular de los datos personales ha dado su consentimiento expl\u00edcito, o<\/li>\n<li>Si el titular de los datos personales no ha dado su consentimiento expl\u00edcito; los datos personales de car\u00e1cter especial distintos de los relativos a la salud y la vida sexual, en los casos previstos por la ley,<\/li>\n<li>Los datos personales de car\u00e1cter especial relativos a la salud y a la vida sexual del titular de los datos personales solo podr\u00e1n tratarse con el fin de proteger la salud p\u00fablica, medicina preventiva, diagn\u00f3stico m\u00e9dico, tratamiento y servicios de atenci\u00f3n, as\u00ed como la planificaci\u00f3n y gesti\u00f3n de los servicios sanitarios y su financiaci\u00f3n, por personas sujetas a la obligaci\u00f3n de secreto o por instituciones y organismos autorizados.<\/li>\n<\/ul>\n<p>&nbsp;<\/p>\n<p><strong>MEDIDAS T\u00c9CNICAS Y ADMINISTRATIVAS<\/strong><\/p>\n<p>Nuestra consulta, de conformidad con el art\u00edculo 12 de la KVKK y las disposiciones del Reglamento, los principios generales indicados anteriormente y la presente Pol\u00edtica, as\u00ed como las decisiones del Consejo de Protecci\u00f3n de Datos Personales, adopta las medidas t\u00e9cnicas y administrativas necesarias, en funci\u00f3n de las posibilidades tecnol\u00f3gicas y del coste de implementaci\u00f3n, respecto de los siguientes aspectos:<\/p>\n<ul>\n<li>Se han determinado el software y el hardware necesarios. Se utilizan contrase\u00f1as fuertes en los ordenadores y en las cuentas de correo electr\u00f3nico.<\/li>\n<li>Lo que debe protegerse para la protecci\u00f3n de la informaci\u00f3n del cliente se ha transmitido a nuestro personal mediante formaciones y las responsabilidades se han formalizado por escrito con los contratos de trabajo. (Acuerdos de Confidencialidad) Esta obligaci\u00f3n contin\u00faa incluso despu\u00e9s de que las personas interesadas dejen su puesto.<\/li>\n<li>Se ha creado la infraestructura necesaria para la copia de seguridad de todos los datos.<\/li>\n<li>Se han determinado los empleados que pueden acceder a los datos en los ordenadores.<\/li>\n<li>Los expedientes e informaci\u00f3n del cliente se facilitan \u00fanicamente a los propios interesados, a sus familiares con aprobaci\u00f3n escrita, a las instituciones y organismos p\u00fablicos pertinentes en el marco de la legislaci\u00f3n y, en casos judiciales, a las autoridades judiciales competentes.<\/li>\n<li>Antes de iniciar el tratamiento de datos personales, la Instituci\u00f3n cumple con la obligaci\u00f3n de informar a las personas interesadas.<\/li>\n<li>Se ha elaborado el inventario de tratamiento de datos personales.<\/li>\n<li>Las personas titulares de los datos personales son informadas sobre estos asuntos mediante textos colocados en nuestra consulta o puestos a disposici\u00f3n de los visitantes de otras formas.<\/li>\n<\/ul>\n<p>&nbsp;<\/p>\n<p>Sus datos personales, de conformidad con los principios b\u00e1sicos previstos por la Ley y dentro de las condiciones y finalidades de tratamiento de datos personales establecidas en los art\u00edculos 8 y 9 de la Ley, y para los fines indicados anteriormente, podr\u00e1n compartirse por nuestra consulta con el Ministerio de Salud, sus unidades subordinadas y los centros de medicina de familia, compa\u00f1\u00edas de seguros privadas (seguros de salud, jubilaci\u00f3n y vida, y similares), la Instituci\u00f3n de Seguridad Social, la Direcci\u00f3n General de Seguridad y otras fuerzas del orden, la Direcci\u00f3n General de Registro Civil, la Asociaci\u00f3n Farmac\u00e9utica de Turqu\u00eda, fiscal\u00edas y tribunales, laboratorios dentro o fuera del pa\u00eds con los que colaboramos para el diagn\u00f3stico m\u00e9dico, centros m\u00e9dicos y terceros que prestan servicios sanitarios, el centro sanitario al que el paciente es derivado o al que el propio paciente acude, sus representantes debidamente autorizados, terceros de los que recibimos consultor\u00eda, instituciones reguladoras y supervisoras y autoridades oficiales, nuestros proveedores y prestadores de servicios de apoyo de los que nos beneficiamos o con los que colaboramos, en el marco de las condiciones y finalidades de tratamiento de datos personales establecidas en los art\u00edculos 8 y 9 de la Ley.<\/p>\n<p>&nbsp;<\/p>\n<p>Con respecto a los datos personales tratados, la persona interesada tiene derecho a conocer si sus datos personales se tratan; si se han tratado, a solicitar informaci\u00f3n al respecto; a acceder a sus datos de salud personales y solicitarlos; a conocer si se utilizan conforme a la finalidad; a conocer los terceros a los que se han transferido; a solicitar la correcci\u00f3n en caso de tratamiento incorrecto; a solicitar la supresi\u00f3n o destrucci\u00f3n de los datos personales; a solicitar que se notifique la correcci\u00f3n a los terceros a los que se hayan transferido en caso de tratamiento incorrecto; a oponerse a un resultado en su perjuicio derivado del an\u00e1lisis mediante sistemas automatizados; a solicitar la reparaci\u00f3n del da\u00f1o sufrido debido al tratamiento il\u00edcito de los datos personales. Estos derechos pueden ejercerse presentando una solicitud escrita a nuestra consulta.<\/p>\n<p>Se lleva a cabo una actividad de tratamiento de datos personales por nuestra consulta mediante el uso de c\u00e1maras de seguridad y la grabaci\u00f3n de im\u00e1genes en las entradas y salidas de los visitantes. En este contexto, nuestra consulta act\u00faa de conformidad con la Ley de Protecci\u00f3n de Datos Personales y la normativa de seguridad.<\/p>\n<p>Solo los empleados autorizados y\/o los empleados de la empresa proveedora tienen acceso a los registros guardados y conservados en entorno digital. Las grabaciones de c\u00e1maras se conservan durante 2 meses.<\/p>\n<p>Se considera que esta Pol\u00edtica ha entrado en vigor tras su publicaci\u00f3n en el sitio web.<\/p>\n<p>todo el contenido que envi\u00e9, de forma completa, sin alterar la estructura HTML\/c\u00f3digo, con solo los textos en espa\u00f1ol, de forma \u00edntegra<\/p>\n","protected":false},"excerpt":{"rendered":"<p>Pol\u00edtica de Protecci\u00f3n y Tratamiento de Datos Personales &nbsp; El responsable del tratamiento, la consulta del Do\u00e7. Dr. G\u00fcncel \u00d6zt\u00fcrk,, en el marco de los principios de alta calidad del servicio, respeto a los derechos de las personas, transparencia y honestidad, otorga gran importancia a la protecci\u00f3n de los datos personales de sus clientes, empleados [&hellip;]<\/p>\n","protected":false},"author":1,"featured_media":0,"parent":0,"menu_order":0,"comment_status":"closed","ping_status":"closed","template":"","meta":{"footnotes":""},"class_list":["post-9652","page","type-page","status-publish","hentry"],"_links":{"self":[{"href":"https:\/\/drgosmile.com\/es\/wp-json\/wp\/v2\/pages\/9652","targetHints":{"allow":["GET"]}}],"collection":[{"href":"https:\/\/drgosmile.com\/es\/wp-json\/wp\/v2\/pages"}],"about":[{"href":"https:\/\/drgosmile.com\/es\/wp-json\/wp\/v2\/types\/page"}],"author":[{"embeddable":true,"href":"https:\/\/drgosmile.com\/es\/wp-json\/wp\/v2\/users\/1"}],"replies":[{"embeddable":true,"href":"https:\/\/drgosmile.com\/es\/wp-json\/wp\/v2\/comments?post=9652"}],"version-history":[{"count":3,"href":"https:\/\/drgosmile.com\/es\/wp-json\/wp\/v2\/pages\/9652\/revisions"}],"predecessor-version":[{"id":11161,"href":"https:\/\/drgosmile.com\/es\/wp-json\/wp\/v2\/pages\/9652\/revisions\/11161"}],"wp:attachment":[{"href":"https:\/\/drgosmile.com\/es\/wp-json\/wp\/v2\/media?parent=9652"}],"curies":[{"name":"wp","href":"https:\/\/api.w.org\/{rel}","templated":true}]}}