{"id":10226,"date":"2025-12-10T09:51:11","date_gmt":"2025-12-10T06:51:11","guid":{"rendered":"https:\/\/drgosmile.com\/hakkimizda\/"},"modified":"2025-12-10T09:58:46","modified_gmt":"2025-12-10T06:58:46","slug":"a-propos-de-nous","status":"publish","type":"page","link":"https:\/\/drgosmile.com\/fr\/a-propos-de-nous\/","title":{"rendered":"\u00c0 propos de nous"},"content":{"rendered":"<div class=\"elementor-element elementor-element-7b52e73 elementor-widget elementor-widget-heading\" data-id=\"7b52e73\" data-element_type=\"widget\" data-widget_type=\"heading.default\">\n<div class=\"elementor-widget-container\">\n<h2 class=\"elementor-heading-title elementor-size-default\">Atteindre l\u2019art de l\u2019esth\u00e9tique avec Dr. GO<\/h2>\n<\/div>\n<\/div>\n<div class=\"elementor-element elementor-element-fea08ec elementor-widget elementor-widget-heading\" data-id=\"fea08ec\" data-element_type=\"widget\" data-widget_type=\"heading.default\">\n<div class=\"elementor-widget-container\">\n<h2 class=\"elementor-heading-title elementor-size-default\">Nous sommes une clinique d\u2019esth\u00e9tique dentaire qui identifie les probl\u00e8mes de sant\u00e9 bucco-dentaire des patients et propose des solutions personnalis\u00e9es, tout en offrant des services suppl\u00e9mentaires d\u2019assistance et de pr\u00e9vention lorsque cela est n\u00e9cessaire.<\/h2>\n<\/div>\n<div class=\"elementor-element elementor-element-1186779 elementor-widget elementor-widget-heading\" data-id=\"1186779\" data-element_type=\"widget\" data-widget_type=\"heading.default\">\n<div class=\"elementor-widget-container\">\n<h2 class=\"elementor-heading-title elementor-size-default\">Notre mission<\/h2>\n<\/div>\n<\/div>\n<div class=\"elementor-element elementor-element-a8df247 elementor-widget elementor-widget-text-editor\" data-id=\"a8df247\" data-element_type=\"widget\" data-widget_type=\"text-editor.default\">\n<div class=\"elementor-widget-container\">\n<p>Notre objectif est de combiner le concept de \u00ab traitements dentaires \u00bb avec la perception et la compr\u00e9hension traditionnelles, en utilisant l\u2019\u00ab art \u00bb n\u00e9cessaire pour offrir un service innovant, unique et de la plus haute qualit\u00e9.<\/p>\n<p>Nous visons \u00e0 progresser au m\u00eame rythme que les avanc\u00e9es mondiales en adoptant les technologies les plus r\u00e9centes.<\/p>\n<p>En respectant les droits des patients et en suivant continuellement les d\u00e9veloppements m\u00e9dicaux, nous vous aidons \u00e0 obtenir le sourire de vos r\u00eaves sans jamais compromettre les valeurs \u00e9thiques ni la qualit\u00e9. Tout au long de ce processus, nous tenons toujours compte de vos besoins et de vos attentes.<\/p>\n<div class=\"elementor-element elementor-element-e7da206 elementor-widget elementor-widget-heading\" data-id=\"e7da206\" data-element_type=\"widget\" data-widget_type=\"heading.default\">\n<div class=\"elementor-widget-container\">\n<h2 class=\"elementor-heading-title elementor-size-default\">Nos valeurs<\/h2>\n<\/div>\n<\/div>\n<div class=\"elementor-element elementor-element-5d582a5 elementor-widget elementor-widget-text-editor\" data-id=\"5d582a5\" data-element_type=\"widget\" data-widget_type=\"text-editor.default\">\n<div class=\"elementor-widget-container\">\n<p>Nous communiquons individuellement avec nos patients, \u00e9coutons leurs opinions et prenons en compte leurs demandes.<\/p>\n<p>Nous informons nos patients de mani\u00e8re claire et responsable afin d\u2019obtenir les meilleurs r\u00e9sultats possibles. Nous adoptons la transparence et la confiance mutuelle, et nous transmettons toujours les bonnes informations et la compr\u00e9hension appropri\u00e9e dans le cadre de valeurs \u00e9thiques.<\/p>\n<p>Nos patients sont nos invit\u00e9s. Toutes les proc\u00e9dures sont r\u00e9alis\u00e9es dans des conditions de qualit\u00e9 sup\u00e9rieure, assurant un confort total au patient.<\/p>\n<\/div>\n<\/div>\n<\/div>\n<\/div>\n<div class=\"elementor-widget-container\">\n<p>&nbsp;<\/p>\n<\/div>\n<\/div>\n","protected":false},"excerpt":{"rendered":"<p>Atteindre l\u2019art de l\u2019esth\u00e9tique avec Dr. GO Nous sommes une clinique d\u2019esth\u00e9tique dentaire qui identifie les probl\u00e8mes de sant\u00e9 bucco-dentaire des patients et propose des solutions personnalis\u00e9es, tout en offrant des services suppl\u00e9mentaires d\u2019assistance et de pr\u00e9vention lorsque cela est n\u00e9cessaire. Notre mission Notre objectif est de combiner le concept de \u00ab traitements dentaires \u00bb [&hellip;]<\/p>\n","protected":false},"author":1,"featured_media":0,"parent":0,"menu_order":0,"comment_status":"closed","ping_status":"closed","template":"","meta":{"footnotes":""},"class_list":["post-10226","page","type-page","status-publish","hentry"],"_links":{"self":[{"href":"https:\/\/drgosmile.com\/fr\/wp-json\/wp\/v2\/pages\/10226","targetHints":{"allow":["GET"]}}],"collection":[{"href":"https:\/\/drgosmile.com\/fr\/wp-json\/wp\/v2\/pages"}],"about":[{"href":"https:\/\/drgosmile.com\/fr\/wp-json\/wp\/v2\/types\/page"}],"author":[{"embeddable":true,"href":"https:\/\/drgosmile.com\/fr\/wp-json\/wp\/v2\/users\/1"}],"replies":[{"embeddable":true,"href":"https:\/\/drgosmile.com\/fr\/wp-json\/wp\/v2\/comments?post=10226"}],"version-history":[{"count":2,"href":"https:\/\/drgosmile.com\/fr\/wp-json\/wp\/v2\/pages\/10226\/revisions"}],"predecessor-version":[{"id":10237,"href":"https:\/\/drgosmile.com\/fr\/wp-json\/wp\/v2\/pages\/10226\/revisions\/10237"}],"wp:attachment":[{"href":"https:\/\/drgosmile.com\/fr\/wp-json\/wp\/v2\/media?parent=10226"}],"curies":[{"name":"wp","href":"https:\/\/api.w.org\/{rel}","templated":true}]}}