{"id":11236,"date":"2026-02-20T13:42:11","date_gmt":"2026-02-20T10:42:11","guid":{"rendered":"https:\/\/drgosmile.com\/?page_id=11236"},"modified":"2026-02-25T10:53:34","modified_gmt":"2026-02-25T07:53:34","slug":"texte-dinformation-sur-les-cookies","status":"publish","type":"page","link":"https:\/\/drgosmile.com\/fr\/texte-dinformation-sur-les-cookies\/","title":{"rendered":"Texte d\u2019information sur les cookies"},"content":{"rendered":"<p><strong>Texte d&rsquo;information<\/strong><\/p>\n<p>En tant qu&rsquo;ASG HEALTH AND TOURISM SERVICES INDUSTRY TRADE INC., nous utilisons certaines technologies (cookies) telles que les pixels et les GIF afin d&rsquo;am\u00e9liorer votre exp\u00e9rience lors de vos visites sur notre site web. L&rsquo;utilisation de ces technologies est effectu\u00e9e conform\u00e9ment \u00e0 la l\u00e9gislation applicable, notamment la loi n\u00b0\u00a06698 relative \u00e0 la protection des donn\u00e9es personnelles.<\/p>\n<p>La pr\u00e9sente politique relative aux cookies a pour but de vous informer sur le traitement des donn\u00e9es personnelles collect\u00e9es lors de l&rsquo;utilisation de cookies par les visiteurs de notre site (ci-apr\u00e8s \u00ab\u00a0Personne concern\u00e9e\u00a0\u00bb) pendant leur navigation sur notre site web. Nous vous expliquons ici quels types de cookies nous utilisons, \u00e0 quelles fins et comment vous pouvez les contr\u00f4ler. Conform\u00e9ment aux articles 5 et 8 de la loi relative \u00e0 la protection des donn\u00e9es personnelles et\/ou lorsque la l\u00e9gislation applicable pr\u00e9voit des exceptions, vos donn\u00e9es personnelles peuvent \u00eatre trait\u00e9es aux fins indiqu\u00e9es ci-dessus, avec votre consentement lorsque la loi l&rsquo;exige, et sans votre consentement dans le cas contraire.<\/p>\n<p><strong>Cookies<\/strong><\/p>\n<p>Nous utilisons des cookies sur notre site web \u00e0 diverses fins et traitons vos donn\u00e9es personnelles par le biais de ces cookies. Ces finalit\u00e9s comprennent principalement\u00a0:<\/p>\n<p>\u2013 Assurer les fonctions de base n\u00e9cessaires au fonctionnement du site.<\/p>\n<p>\u2013 Analyser le site et am\u00e9liorer ses performances. Par exemple, d\u00e9terminer le nombre de visiteurs et ajuster les param\u00e8tres de performance en cons\u00e9quence.<\/p>\n<p>\u2013 Am\u00e9liorer la fonctionnalit\u00e9 et l\u2019ergonomie du Site. Par exemple, pour partager du contenu du Site sur des plateformes de m\u00e9dias sociaux tierces.<\/p>\n<p>Nous pouvons partager vos donn\u00e9es personnelles avec des tiers, des partenaires commerciaux et des entreprises avec lesquelles nous entretenons des relations commerciales, uniquement dans la mesure n\u00e9cessaire \u00e0 la r\u00e9alisation des objectifs \u00e9nonc\u00e9s ci-dessus et conform\u00e9ment \u00e0 la loi.<\/p>\n<p>Les cookies que nous utilisons sur notre site web\u00a0:<\/p>\n<p>Cookies de fonctionnalit\u00e9 et de pr\u00e9f\u00e9rences\u00a0: Ces cookies m\u00e9morisent vos pr\u00e9f\u00e9rences et vos choix sur le site, ce qui nous permet de personnaliser les services que nous vous proposons. Par exemple, ils nous permettent de m\u00e9moriser la langue que vous avez choisie sur notre site ou la taille de police que vous avez s\u00e9lectionn\u00e9e lors de la lecture de texte.<\/p>\n<p>Cookies des r\u00e9seaux sociaux\u00a0: Ces cookies permettent de recueillir des informations sur votre utilisation des r\u00e9seaux sociaux. Par exemple, ils peuvent \u00eatre utilis\u00e9s pour exploiter les informations de vos comptes Facebook\/Twitter afin de cr\u00e9er des publicit\u00e9s personnalis\u00e9es ou de r\u00e9aliser des \u00e9tudes de march\u00e9.<\/p>\n<p>Cookies de performance et d&rsquo;analyse\u00a0: Ces cookies nous permettent d&rsquo;analyser votre utilisation de notre site et ses performances, afin d&rsquo;am\u00e9liorer les services que nous proposons. Par exemple, ils nous permettent d&rsquo;identifier les pages les plus consult\u00e9es par nos visiteurs, de v\u00e9rifier le bon fonctionnement de notre site et de d\u00e9tecter d&rsquo;\u00e9ventuels probl\u00e8mes.<\/p>\n<p>Nous utilisons \u00e9galement des cookies pour promouvoir nos produits et services sur notre site web et sur d&rsquo;autres plateformes. Nous pouvons aussi collaborer avec certains partenaires commerciaux afin de vous proposer des publicit\u00e9s et des contenus promotionnels, sur notre site ou ailleurs. Vous pouvez personnaliser vos pr\u00e9f\u00e9rences en mati\u00e8re de cookies en modifiant les param\u00e8tres de votre navigateur.<\/p>\n<p>vos demandes au titre de l&rsquo;article 11 de la loi relative aux droits des personnes concern\u00e9es, par \u00e9crit \u00e0 l&rsquo;adresse de notre soci\u00e9t\u00e9 : Dikilitas Mah. Ayazmaderesi Cad. No: 10 Ic Kapi No: 63 Besiktas\/Istanbul. ou via le formulaire de demande KVKK disponible sur notre site web , conform\u00e9ment \u00e0 la \u00ab Notification relative aux proc\u00e9dures et principes applicables aux demandes adress\u00e9es au responsable du traitement des donn\u00e9es \u00bb. Nous pouvons \u00eatre amen\u00e9s \u00e0 cesser d&rsquo;utiliser les cookies pr\u00e9sents sur notre site, \u00e0 en modifier le type ou les fonctions, ou \u00e0 en ajouter de nouveaux. La soci\u00e9t\u00e9 d\u00e9cline toute responsabilit\u00e9 si la personne concern\u00e9e n&rsquo;a pas fourni d&rsquo;informations \u00e0 jour.<\/p>\n<p>La personne concern\u00e9e reconna\u00eet que si sa demande a pour cons\u00e9quence que la soci\u00e9t\u00e9 ne puisse pas utiliser ses donn\u00e9es personnelles, elle pourrait ne pas \u00eatre en mesure de b\u00e9n\u00e9ficier pleinement des fonctionnalit\u00e9s du site et d\u00e9clare qu&rsquo;elle sera seule responsable des cons\u00e9quences qui en d\u00e9couleraient.<\/p>\n<p>Pour plus d&rsquo;informations sur la mani\u00e8re dont vos donn\u00e9es personnelles sont trait\u00e9es par la Soci\u00e9t\u00e9, nous vous recommandons de consulter la section \u00ab Protection des donn\u00e9es personnelles et confidentialit\u00e9 \u00bb \u00e0 l&rsquo;adresse https:\/\/drgosmile.com\/cookie-information-text\/.<\/p>\n","protected":false},"excerpt":{"rendered":"<p>Texte d&rsquo;information En tant qu&rsquo;ASG HEALTH AND TOURISM SERVICES INDUSTRY TRADE INC., nous utilisons certaines technologies (cookies) telles que les pixels et les GIF afin d&rsquo;am\u00e9liorer votre exp\u00e9rience lors de vos visites sur notre site web. L&rsquo;utilisation de ces technologies est effectu\u00e9e conform\u00e9ment \u00e0 la l\u00e9gislation applicable, notamment la loi n\u00b0\u00a06698 relative \u00e0 la protection [&hellip;]<\/p>\n","protected":false},"author":1,"featured_media":0,"parent":0,"menu_order":0,"comment_status":"closed","ping_status":"closed","template":"","meta":{"footnotes":""},"class_list":["post-11236","page","type-page","status-publish","hentry"],"_links":{"self":[{"href":"https:\/\/drgosmile.com\/fr\/wp-json\/wp\/v2\/pages\/11236","targetHints":{"allow":["GET"]}}],"collection":[{"href":"https:\/\/drgosmile.com\/fr\/wp-json\/wp\/v2\/pages"}],"about":[{"href":"https:\/\/drgosmile.com\/fr\/wp-json\/wp\/v2\/types\/page"}],"author":[{"embeddable":true,"href":"https:\/\/drgosmile.com\/fr\/wp-json\/wp\/v2\/users\/1"}],"replies":[{"embeddable":true,"href":"https:\/\/drgosmile.com\/fr\/wp-json\/wp\/v2\/comments?post=11236"}],"version-history":[{"count":3,"href":"https:\/\/drgosmile.com\/fr\/wp-json\/wp\/v2\/pages\/11236\/revisions"}],"predecessor-version":[{"id":11267,"href":"https:\/\/drgosmile.com\/fr\/wp-json\/wp\/v2\/pages\/11236\/revisions\/11267"}],"wp:attachment":[{"href":"https:\/\/drgosmile.com\/fr\/wp-json\/wp\/v2\/media?parent=11236"}],"curies":[{"name":"wp","href":"https:\/\/api.w.org\/{rel}","templated":true}]}}