{"id":10897,"date":"2024-01-22T07:27:26","date_gmt":"2024-01-22T04:27:26","guid":{"rendered":"https:\/\/drgosmile.com\/before-after\/"},"modified":"2025-12-22T13:31:14","modified_gmt":"2025-12-22T10:31:14","slug":"prima-e-dopo","status":"publish","type":"page","link":"https:\/\/drgosmile.com\/it\/prima-e-dopo\/","title":{"rendered":"Prima e Dopo"},"content":{"rendered":"<figure><img decoding=\"async\" src=\"https:\/\/drgosmile.com\/wp-content\/uploads\/2023\/08\/347590416_950649922750642_7819819864628875778_n.jpg\" alt=\"347590416_950649922750642_7819819864628875778_n\" title=\"\"><\/figure>\n<figure><img decoding=\"async\" src=\"https:\/\/drgosmile.com\/wp-content\/uploads\/2023\/08\/364266813_977422546641989_4388354805517505599_n.jpg\" alt=\"364266813_977422546641989_4388354805517505599_n\" title=\"\"><\/figure>\n<figure><img decoding=\"async\" src=\"https:\/\/drgosmile.com\/wp-content\/uploads\/2023\/08\/358042709_228409920137088_6344659101302814433_n.jpg\" alt=\"358042709_228409920137088_6344659101302814433_n\" title=\"\"><\/figure>\n<figure><img decoding=\"async\" src=\"https:\/\/drgosmile.com\/wp-content\/uploads\/2023\/08\/353756498_281273614383103_6859553167155896774_n.jpg\" alt=\"353756498_281273614383103_6859553167155896774_n\" title=\"\"><\/figure>\n<h1>Trattamenti dentali di alta qualit\u00e0 a prezzi accessibili<\/h1>\n<p>Se hai uno o pi\u00f9 denti mancanti, un impianto dentale pu\u00f2 aiutarti a tornare a sorridere, parlare e masticare con sicurezza.<br \/>\n<a href=\"http:\/\/wa.me\/+905325010355\" target=\"_blank\" rel=\"noopener\"><br \/>\nCONSULENZA GRATUITA<br \/>\n<\/a><\/p>\n<h2>DRGO Smile in numeri<\/h2>\n<p>Affidati alla nostra esperienza e competenza, dimostrate dai numeri, per offrirti la migliore cura dentale.<\/p>\n<p>Il nostro team di dentisti qualificati ha eseguito un\u2019ampia gamma di trattamenti, dalle pulizie di routine alle otturazioni, fino a procedure complesse con un tasso di successo superiore al 95%<\/p>\n<h2>99%<\/h2>\n<h2>Soddisfazione del paziente<\/h2>\n<h2>97%<\/h2>\n<h2>Successo dell\u2019intervento<\/h2>\n<h2>100%<\/h2>\n<h2>Soddisfazione del personale<\/h2>\n<h2>95%<\/h2>\n<h2>Soddisfazione del viaggio<\/h2>\n<figure><img decoding=\"async\" src=\"https:\/\/drgosmile.com\/wp-content\/uploads\/2025\/07\/SaveClip.App_519976565_17964565340933272_9152657135012076631_n.jpg\" alt=\"SaveClip.App_519976565_17964565340933272_9152657135012076631_n\" title=\"\"><\/figure>\n<figure><img decoding=\"async\" src=\"https:\/\/drgosmile.com\/wp-content\/uploads\/2025\/07\/SaveClip.App_523314230_17965356665933272_6337773561879462309_n.jpg\" alt=\"SaveClip.App_523314230_17965356665933272_6337773561879462309_n\" title=\"\"><\/figure>\n<figure><img decoding=\"async\" src=\"https:\/\/drgosmile.com\/wp-content\/uploads\/2023\/09\/Gabriela-Paula-Iosif-1.png\" alt=\"Gabriela-Paula-Iosif\" title=\"\"><\/figure>\n<figure><img decoding=\"async\" src=\"https:\/\/drgosmile.com\/wp-content\/uploads\/2023\/08\/358063687_134955182956090_3480087544949947574_n-1.jpg\" alt=\"358063687_134955182956090_3480087544949947574_n\" title=\"\"><\/figure>\n<figure><img decoding=\"async\" src=\"https:\/\/drgosmile.com\/wp-content\/uploads\/2023\/09\/Monique-Espenhain-1.png\" alt=\"Monique-Espenhain\" title=\"\"><\/figure>\n<figure><img decoding=\"async\" src=\"https:\/\/drgosmile.com\/wp-content\/uploads\/2023\/08\/364054669_645528477528443_5705746092082525132_n.jpg\" alt=\"364054669_645528477528443_5705746092082525132_n\" title=\"\"><\/figure>\n<figure><img decoding=\"async\" src=\"https:\/\/drgosmile.com\/wp-content\/uploads\/2023\/08\/348282781_252700340579050_3593509993407057208_n-1.jpg\" alt=\"348282781_252700340579050_3593509993407057208_n\" title=\"\"><\/figure>\n<figure><img decoding=\"async\" src=\"https:\/\/drgosmile.com\/wp-content\/uploads\/2023\/08\/354204572_571878225125535_3723909435857876160_n-1.jpg\" alt=\"354204572_571878225125535_3723909435857876160_n\" title=\"\"><\/figure>\n<figure><img decoding=\"async\" src=\"https:\/\/drgosmile.com\/wp-content\/uploads\/2023\/03\/Veneer-Oznur-Yalcinkaya.jpg\" alt=\"Veneer-O\u0308znur-Yalc\u0327\u0131nkaya\" title=\"\"><\/figure>\n<figure><img decoding=\"async\" src=\"https:\/\/drgosmile.com\/wp-content\/uploads\/2023\/03\/E-max-Crown-Jahuar-Al-Jundi.jpg\" alt=\"E-max-Crown-Jahuar-Al-Jundi\" title=\"\"><\/figure>\n<figure><img decoding=\"async\" src=\"https:\/\/drgosmile.com\/wp-content\/uploads\/2023\/08\/364002088_820595793004149_8416594943988878409_n.jpg\" alt=\"364002088_820595793004149_8416594943988878409_n\" title=\"\"><\/figure>\n<figure><img decoding=\"async\" src=\"https:\/\/drgosmile.com\/wp-content\/uploads\/2023\/08\/364054669_645528477528443_5705746092082525132_n.jpg\" alt=\"364054669_645528477528443_5705746092082525132_n\" title=\"\"><\/figure>\n<figure><img decoding=\"async\" src=\"https:\/\/drgosmile.com\/wp-content\/uploads\/2023\/08\/353866407_921496615607951_6809474652835596753_n.jpg\" alt=\"353866407_921496615607951_6809474652835596753_n\" title=\"\"><\/figure>\n<figure><img decoding=\"async\" src=\"https:\/\/drgosmile.com\/wp-content\/uploads\/2023\/09\/Gabriela-Paula-Iosif.png\" alt=\"Gabriela-Paula-Iosif\" title=\"\"><\/figure>\n<figure><img decoding=\"async\" src=\"https:\/\/drgosmile.com\/wp-content\/uploads\/2023\/08\/358063687_134955182956090_3480087544949947574_n-1.jpg\" alt=\"358063687_134955182956090_3480087544949947574_n\" title=\"\"><\/figure>\n<figure><img decoding=\"async\" src=\"https:\/\/drgosmile.com\/wp-content\/uploads\/2023\/08\/358042709_228409920137088_6344659101302814433_n.jpg\" alt=\"358042709_228409920137088_6344659101302814433_n\" title=\"\"><\/figure>\n<figure><img decoding=\"async\" src=\"https:\/\/drgosmile.com\/wp-content\/uploads\/2023\/09\/Anja-Wanduch.png\" alt=\"Anja-Wanduch\" title=\"\"><\/figure>\n<figure><img decoding=\"async\" src=\"https:\/\/drgosmile.com\/wp-content\/uploads\/2023\/08\/353756498_281273614383103_6859553167155896774_n.jpg\" alt=\"353756498_281273614383103_6859553167155896774_n\" title=\"\"><\/figure>\n<figure><img decoding=\"async\" src=\"https:\/\/drgosmile.com\/wp-content\/uploads\/2023\/03\/Veneer-Oznur-Yalcinkaya.jpg\" alt=\"Veneer-O\u0308znur-Yalc\u0327\u0131nkaya\" title=\"\"><\/figure>\n<figure><img decoding=\"async\" src=\"https:\/\/drgosmile.com\/wp-content\/uploads\/2023\/09\/Monique-Espenhain.png\" alt=\"Monique-Espenhain\" title=\"\"><\/figure>\n<h2>Sicuro, confortevole e a prezzi equi: offriamo pacchetti all inclusive<\/h2>\n<p>Pur avendo una solida esperienza e aver fornito cure dentali di alto livello a migliaia di pazienti soddisfatti, ci\u00f2 che per noi \u00e8 sempre stato pi\u00f9 importante \u00e8 stata la salute dei nostri pazienti e la loro esperienza in Turchia.<\/p>\n<p>&nbsp;<\/p>\n<h2>Trasferimenti da e verso aeroporto, hotel e clinica<\/h2>\n<p>&nbsp;<\/p>\n<h2>Trasferimento VIP<br \/>\na Istanbul<\/h2>\n<p>&nbsp;<\/p>\n<h2>Soggiorno in hotel di lusso<br \/>\na 5 stelle<\/h2>\n<p>&nbsp;<\/p>\n<h2>Guida<br \/>\npersonale<\/h2>\n<p>&nbsp;<\/p>\n<h2>Supporto<br \/>\ncon interprete<\/h2>\n<p>&nbsp;<\/p>\n<h2>Tour<br \/>\ndi Istanbul<\/h2>\n","protected":false},"excerpt":{"rendered":"<p>Trattamenti dentali di alta qualit\u00e0 a prezzi accessibili Se hai uno o pi\u00f9 denti mancanti, un impianto dentale pu\u00f2 aiutarti a tornare a sorridere, parlare e masticare con sicurezza. CONSULENZA GRATUITA DRGO Smile in numeri Affidati alla nostra esperienza e competenza, dimostrate dai numeri, per offrirti la migliore cura dentale. Il nostro team di dentisti [&hellip;]<\/p>\n","protected":false},"author":1,"featured_media":0,"parent":0,"menu_order":0,"comment_status":"closed","ping_status":"closed","template":"template\/page--before-after.php","meta":{"footnotes":""},"class_list":["post-10897","page","type-page","status-publish","hentry"],"_links":{"self":[{"href":"https:\/\/drgosmile.com\/it\/wp-json\/wp\/v2\/pages\/10897","targetHints":{"allow":["GET"]}}],"collection":[{"href":"https:\/\/drgosmile.com\/it\/wp-json\/wp\/v2\/pages"}],"about":[{"href":"https:\/\/drgosmile.com\/it\/wp-json\/wp\/v2\/types\/page"}],"author":[{"embeddable":true,"href":"https:\/\/drgosmile.com\/it\/wp-json\/wp\/v2\/users\/1"}],"replies":[{"embeddable":true,"href":"https:\/\/drgosmile.com\/it\/wp-json\/wp\/v2\/comments?post=10897"}],"version-history":[{"count":3,"href":"https:\/\/drgosmile.com\/it\/wp-json\/wp\/v2\/pages\/10897\/revisions"}],"predecessor-version":[{"id":10913,"href":"https:\/\/drgosmile.com\/it\/wp-json\/wp\/v2\/pages\/10897\/revisions\/10913"}],"wp:attachment":[{"href":"https:\/\/drgosmile.com\/it\/wp-json\/wp\/v2\/media?parent=10897"}],"curies":[{"name":"wp","href":"https:\/\/api.w.org\/{rel}","templated":true}]}}