{"id":10900,"date":"2024-01-22T08:28:41","date_gmt":"2024-01-22T05:28:41","guid":{"rendered":"https:\/\/drgosmile.com\/dental-treatment-package-prices-2025\/"},"modified":"2025-12-22T13:44:44","modified_gmt":"2025-12-22T10:44:44","slug":"prezzi-dei-pacchetti-di-cure-odontoiatriche-2025","status":"publish","type":"page","link":"https:\/\/drgosmile.com\/it\/prezzi-dei-pacchetti-di-cure-odontoiatriche-2025\/","title":{"rendered":"Prezzi dei pacchetti di cure odontoiatriche 2025"},"content":{"rendered":"<h2>Perch\u00e9 nel 2025 sempre pi\u00f9 persone scelgono la Turchia per i denti e le cure dentali?<\/h2>\n<p>La Turchia \u00e8 una destinazione molto popolare per il turismo dentale e ogni anno molte persone da tutto il mondo viaggiano a Istanbul per sottoporsi a trattamenti dentali. Questa tendenza \u00e8 guidata da diversi fattori, tra cui <b>l\u2019aumento dei costi delle cure dentali in altri paesi<\/b>, la crescente disponibilit\u00e0 di <b>voli convenienti verso la Turchia<\/b> e la maggiore consapevolezza dell\u2019<b>alta qualit\u00e0 delle cure dentali in Turchia<\/b>.<\/p>\n<p style=\"margin-bottom: 1.5rem;\">In questo articolo analizzeremo principalmente i prezzi dei trattamenti dentali in Turchia nel 2025, ma scopriremo anche se i costi pi\u00f9 bassi influiscono sulla qualit\u00e0 delle cure ricevute e quali tipologie di cliniche dentali in Turchia sono pi\u00f9 adatte al tuo viaggio di turismo dentale, rendendo l\u2019esperienza piacevole anche quest\u2019anno.<\/p>\n<p>Navigazione rapida<\/p>\n<h2>Costo dei trattamenti dentali in Turchia e in Europa<\/h2>\n<p>Il turismo dentale in Turchia pu\u00f2 davvero essere un ottimo modo per risparmiare sulle cure dentali, vivendo allo stesso tempo la cultura vivace e la storia di questo straordinario paese. Ad esempio, il costo medio di un impianto dentale in Turchia \u00e8 di circa 2.000 $, mentre negli Stati Uniti il costo medio si aggira intorno ai 5.000 $. \u00c8 comunque importante scegliere esclusivamente cliniche correttamente certificate e qualificate per una vacanza dentale in Turchia.<\/p>\n<p>I pazienti possono usufruire di cure dentali di livello mondiale a prezzi convenienti, oltre a una gamma di servizi premium che rendono il soggiorno in Turchia davvero indimenticabile. Molte cliniche dentali selezionate nel paese dispongono di dentisti altamente qualificati che utilizzano le tecnologie pi\u00f9 moderne per offrire cure di eccellenza.<\/p>\n<p>Per verificare la tua idoneit\u00e0 ai trattamenti e ricevere un preventivo personalizzato, puoi contattarci tramite i pulsanti WhatsApp qui sotto.<\/p>\n","protected":false},"excerpt":{"rendered":"<p>Perch\u00e9 nel 2025 sempre pi\u00f9 persone scelgono la Turchia per i denti e le cure dentali? La Turchia \u00e8 una destinazione molto popolare per il turismo dentale e ogni anno molte persone da tutto il mondo viaggiano a Istanbul per sottoporsi a trattamenti dentali. Questa tendenza \u00e8 guidata da diversi fattori, tra cui l\u2019aumento dei [&hellip;]<\/p>\n","protected":false},"author":1,"featured_media":0,"parent":0,"menu_order":0,"comment_status":"closed","ping_status":"closed","template":"template\/page--package-prices-2025.php","meta":{"footnotes":""},"class_list":["post-10900","page","type-page","status-publish","hentry"],"_links":{"self":[{"href":"https:\/\/drgosmile.com\/it\/wp-json\/wp\/v2\/pages\/10900","targetHints":{"allow":["GET"]}}],"collection":[{"href":"https:\/\/drgosmile.com\/it\/wp-json\/wp\/v2\/pages"}],"about":[{"href":"https:\/\/drgosmile.com\/it\/wp-json\/wp\/v2\/types\/page"}],"author":[{"embeddable":true,"href":"https:\/\/drgosmile.com\/it\/wp-json\/wp\/v2\/users\/1"}],"replies":[{"embeddable":true,"href":"https:\/\/drgosmile.com\/it\/wp-json\/wp\/v2\/comments?post=10900"}],"version-history":[{"count":2,"href":"https:\/\/drgosmile.com\/it\/wp-json\/wp\/v2\/pages\/10900\/revisions"}],"predecessor-version":[{"id":10921,"href":"https:\/\/drgosmile.com\/it\/wp-json\/wp\/v2\/pages\/10900\/revisions\/10921"}],"wp:attachment":[{"href":"https:\/\/drgosmile.com\/it\/wp-json\/wp\/v2\/media?parent=10900"}],"curies":[{"name":"wp","href":"https:\/\/api.w.org\/{rel}","templated":true}]}}