{"id":10901,"date":"2024-03-11T15:17:10","date_gmt":"2024-03-11T12:17:10","guid":{"rendered":"https:\/\/drgosmile.com\/personal-data-deletion-policy\/"},"modified":"2026-01-16T11:31:03","modified_gmt":"2026-01-16T08:31:03","slug":"politica-di-cancellazione-dei-dati-personali","status":"publish","type":"page","link":"https:\/\/drgosmile.com\/it\/politica-di-cancellazione-dei-dati-personali\/","title":{"rendered":"Politica di cancellazione dei dati personali"},"content":{"rendered":"<p style=\"text-align: center;\"><strong>POLITICA DI DISTRUZIONE DEI DATI PERSONALI<\/strong><\/p>\n<p>Il titolare del trattamento\u00a0 \u00e8 lo studio del Do\u00e7. Dr. G\u00fcncel \u00d6zt\u00fcrk, che conserva e distrugge i vostri dati personali nel rispetto, innanzitutto, della Costituzione, della Legge n. 6698 sulla Protezione dei Dati Personali (KVKK), del Regolamento relativo alla cancellazione, distruzione o anonimizzazione dei dati personali e di ogni altra normativa pertinente, in conformit\u00e0 ai principi generali e alle disposizioni indicate nella presente Politica di conservazione e distruzione dei dati personali.<\/p>\n<p>&nbsp;<\/p>\n<p>Con la presente Politica, lo Studio mira a stabilire i principi e le regole generali in merito alla conservazione e alla distruzione dei dati delle persone fisiche oggetto di attivit\u00e0 di trattamento di dati personali ai sensi della KVKK, nonch\u00e9 ad adempiere agli obblighi previsti dalla normativa.<\/p>\n<p><strong>Consenso esplicito: <\/strong>Consenso espresso liberamente, basato su un\u2019adeguata informazione e riferito a uno specifico argomento,<\/p>\n<p><strong>Gruppo di destinatari:<\/strong>La categoria di persone fisiche o giuridiche alle quali il titolare del trattamento trasferisce i dati personali,<\/p>\n<p><strong>Anonimizzazione :<\/strong> Rendere i dati personali tali da non poter essere associati, in alcun modo, nemmeno mediante confronto con altri dati, a una persona fisica identificata o identificabile.<\/p>\n<p><strong>Utente interessato: <\/strong>Le persone che trattano i dati personali all\u2019interno dell\u2019organizzazione del titolare del trattamento o in base all\u2019autorizzazione e alle istruzioni ricevute dal titolare, ad eccezione della persona o unit\u00e0 responsabile dell\u2019archiviazione tecnica, della protezione e del backup dei dati,<\/p>\n<p><strong>Distruzione:<\/strong>Cancellazione, distruzione o anonimizzazione dei dati personali,<br \/>\n<strong>Dati personali:<\/strong>Qualsiasi informazione relativa a una persona fisica identificata o identificabile (ad es. nome-cognome, TCKN, e-mail, indirizzo, data di nascita, numero di carta di credito, numero di conto bancario<\/p>\n<p><strong>Interessato: <\/strong>La persona fisica i cui dati personali sono trattati,<\/p>\n<p><strong>Trattamento dei dati personali: <\/strong>Qualsiasi operazione effettuata sui dati, come l\u2019ottenimento (in tutto o in parte automatizzato o non automatizzato purch\u00e9 faccia parte di un sistema di registrazione dei dati), la registrazione, la conservazione, la custodia, la modifica, la riorganizzazione, la divulgazione, il trasferimento, la presa in carico, la messa a disposizione, la classificazione o l\u2019impedimento dell\u2019uso,<\/p>\n<p><strong>Dati personali di natura particolare: <\/strong>Razza, origine etnica, opinione politica, credo filosofico, religione, setta o altri credi, abbigliamento, appartenenza ad associazioni, fondazioni o sindacati, salute, vita sessuale, condanne penali e misure di sicurezza, nonch\u00e9 dati biometrici e genetici,<\/p>\n<p><strong>Distruzione periodica: <\/strong>La procedura di cancellazione, distruzione o anonimizzazione da effettuarsi d\u2019ufficio a intervalli ripetuti indicati nella presente Politica qualora vengano meno tutte le condizioni del trattamento dei dati personali previste dalla KVKK,<\/p>\n<p>&nbsp;<\/p>\n<p><strong>SUPPORTI DI REGISTRAZIONE DISCIPLINATI DALLA POLITICA<\/strong><\/p>\n<p>Essa comprende tutti i dati personali oggetto di attivit\u00e0 di trattamento nell\u2019ambito della KVKK. Inoltre, i documenti richiamati dalla Politica comprendono sia le copie fisiche sia quelle digitali.<\/p>\n<p>Lo Studio conserva tutti i dati personali oggetto di attivit\u00e0 di trattamento nell\u2019ambito della KVKK, trattati in tutto o in parte con mezzi automatizzati o non automatizzati purch\u00e9 facciano parte di un sistema di registrazione, nei seguenti ambienti:<\/p>\n<p>Computer dello studio, account e-mail, computer desktop, dispositivi dei dipendenti (ad es. telefono cellulare), aree di backup, fascicoli cartacei, raccoglitori, registro visitatori, CD, DVD, USB, hard disk, stampante, fotocopiatrice, ecc.<\/p>\n<p><strong>CAUSE CHE RICHIEDONO LA CONSERVAZIONE E LA DISTRUZIONE DEI DATI PERSONALI<\/strong><\/p>\n<p>Nelle attivit\u00e0 di trattamento dei dati personali si adottano i seguenti principi:<\/p>\n<ul>\n<li>Conformit\u00e0 alla legge e al principio di correttezza,<br \/>\n\u2022 Garantire che i dati personali siano corretti e, quando necessario, aggiornati,<br \/>\n\u2022 Trattamento per finalit\u00e0 determinate, esplicite e legittime,<br \/>\n\u2022 Pertinenza, limitazione e proporzionalit\u00e0 rispetto alle finalit\u00e0 del trattamento,<br \/>\n\u2022 Conservazione per il periodo previsto dalla normativa pertinente o per il periodo necessario alle finalit\u00e0 per cui sono trattati.<\/li>\n<\/ul>\n<p>Il nostro Studio conserva e utilizza i dati personali in conformit\u00e0 alle finalit\u00e0 del trattamento e sulla base delle condizioni di trattamento dei dati personali previste dagli articoli 5 e 6 della KVKK indicati di seguito; e qualora vengano meno tutte le condizioni, distrugge i dati personali d\u2019ufficio o su richiesta dell\u2019interessato:<\/p>\n<p>&nbsp;<\/p>\n<p><strong>Presenza del consenso esplicito dell\u2019interessato: <\/strong>La prima condizione del trattamento dei dati personali \u00e8 il consenso esplicito dell\u2019interessato.<\/p>\n<p><strong>Previsione espressa dalla legge:<\/strong>I dati personali dell\u2019interessato possono essere trattati lecitamente senza ottenere il consenso esplicito qualora ci\u00f2 sia espressamente previsto dalla legge.<\/p>\n<p><strong>Impossibilit\u00e0 di ottenere il consenso esplicito dell\u2019interessato per impossibilit\u00e0 di fatto:<\/strong>Qualora, per impossibilit\u00e0 di fatto, la persona non possa esprimere il consenso o il suo consenso non possa essere considerato valido, e il trattamento dei dati personali sia necessario per proteggere la vita o l\u2019integrit\u00e0 fisica della persona stessa o di un\u2019altra persona, i dati personali possono essere trattati.<\/p>\n<p><strong>Diretta correlazione con la conclusione o l\u2019esecuzione di un contratto:<\/strong>Il trattamento dei dati personali \u00e8 possibile qualora sia necessario, a condizione che sia direttamente correlato alla conclusione o all\u2019esecuzione di un contratto, per trattare i dati personali delle parti del contratto.<\/p>\n<p><strong>Obbligo legale: <\/strong>Qualora il trattamento sia necessario per adempiere agli obblighi legali della nostra azienda, i dati dell\u2019interessato possono essere trattati.<\/p>\n<p><strong>Rendere pubblici i dati personali da parte dell\u2019interessato:<\/strong>Qualora l\u2019interessato abbia reso pubblici i propri dati personali, tali dati possono essere trattati limitatamente a quanto reso pubblico.<\/p>\n<p><strong>Necessit\u00e0 del trattamento per l\u2019instaurazione, l\u2019esercizio o la tutela di un diritto:<\/strong>Qualora il trattamento sia necessario per instaurare, esercitare o tutelare un diritto, i dati personali dell\u2019interessato possono essere trattati.<\/p>\n<p><strong>Necessit\u00e0 del trattamento per il legittimo interesse della nostra azienda:<\/strong>Fermo restando che non si arrechino pregiudizio ai diritti e alle libert\u00e0 fondamentali dell\u2019interessato, i dati personali possono essere trattati qualora il trattamento sia necessario per i legittimi interessi della nostra azienda.<\/p>\n<p>&nbsp;<\/p>\n<p><strong>CANCELLAZIONE, DISTRUZIONE O ANONIMIZZAZIONE DEI DATI PERSONALI<\/strong><\/p>\n<p>I dati personali vengono cancellati, distrutti o anonimizzati dall\u2019azienda su richiesta dell\u2019interessato o d\u2019ufficio nei casi in cui: le disposizioni normative pertinenti che costituiscono la base del trattamento siano modificate o abrogate; venga meno la finalit\u00e0 che richiede il trattamento o la conservazione; nei casi in cui il trattamento si basi esclusivamente sul consenso esplicito e l\u2019interessato ritiri il proprio consenso; sia decorso il termine massimo di conservazione e non sussista alcuna condizione che giustifichi una conservazione pi\u00f9 lunga.<\/p>\n<p>&nbsp;<\/p>\n<p>Salvo diversa decisione del Consiglio per la Protezione dei Dati Personali, la nostra azienda sceglie il metodo appropriato tra la cancellazione, la distruzione o l\u2019anonimizzazione d\u2019ufficio, in base alle possibilit\u00e0 tecnologiche e ai costi di applicazione. Su richiesta dell\u2019interessato, viene spiegata la motivazione del metodo appropriato. Per ciascuna di tali operazioni vengono adottate le necessarie misure tecniche e amministrative.<\/p>\n<p><strong>MISURE TECNICHE E AMMINISTRATIVE ADOTTATE<\/strong><\/p>\n<p>In conformit\u00e0 all\u2019articolo 12 della KVKK e alle disposizioni del Regolamento, ai principi generali sopra indicati, alla presente Politica e alle decisioni del Consiglio per la Protezione dei Dati Personali, il nostro Studio adotta le necessarie misure tecniche e amministrative in base alle possibilit\u00e0 tecnologiche e ai costi di applicazione in relazione ai seguenti aspetti:<\/p>\n<ul>\n<li>Sono stati individuati il software e l\u2019hardware necessari. Vengono utilizzate password complesse sui computer e sugli account e-mail.<\/li>\n<li>Ci\u00f2 che deve essere protetto ai fini della tutela delle informazioni dei pazienti \u00e8 stato comunicato al nostro personale tramite formazione, e le responsabilit\u00e0 sono state formalizzate per iscritto mediante contratti di lavoro. (Accordi di riservatezza) Tale obbligo continua anche dopo la cessazione del rapporto di lavoro.<\/li>\n<li>\u00c8 stata predisposta l\u2019infrastruttura necessaria per il backup di tutti i dati.<\/li>\n<li>Sono stati identificati i dipendenti che possono accedere ai dati sui computer.<\/li>\n<li>I fascicoli e le informazioni dei pazienti sono forniti esclusivamente agli interessati stessi, ai loro familiari per i quali sia stata rilasciata autorizzazione scritta, alle istituzioni e organizzazioni pubbliche competenti nell\u2019ambito della normativa, e alle autorit\u00e0 giudiziarie competenti nei casi giudiziari.<\/li>\n<li>Prima di avviare il trattamento dei dati personali, l\u2019obbligo di informativa verso gli interessati \u00e8 adempiuto dall\u2019Istituzione.<\/li>\n<li>\u00c8 stato predisposto un inventario del trattamento dei dati personali.<\/li>\n<\/ul>\n<p><strong>TERMINI DI CONSERVAZIONE E DISTRUZIONE<\/strong><\/p>\n<p>Il nostro Studio conserva e distrugge i dati personali solo per il periodo indicato dalla normativa a cui \u00e8 tenuto a conformarsi o per il periodo necessario alle finalit\u00e0 per le quali sono trattati.<\/p>\n<p>Qualora l\u2019interessato presenti domanda alla nostra azienda richiedendo la distruzione dei propri dati personali:<\/p>\n<p>Se tutte le condizioni del trattamento dei dati personali sono venute meno: la richiesta \u00e8 conclusa entro e non oltre trenta giorni e l\u2019interessato \u00e8 informato; se i dati personali oggetto della richiesta sono stati trasferiti a terzi, tale situazione \u00e8 comunicata al terzo e si assicura che vengano svolte le operazioni necessarie presso il terzo.<\/p>\n<p>Se tutte le condizioni del trattamento dei dati personali non sono venute meno: la richiesta pu\u00f2 essere respinta motivando ai sensi del terzo comma dell\u2019articolo 13 della KVKK, e la risposta di rigetto \u00e8 comunicata all\u2019interessato entro e non oltre trenta giorni per iscritto o in formato digitale.<\/p>\n<p><strong>TERMINI DI DISTRUZIONE PERIODICA<\/strong><\/p>\n<p>I dati personali vengono distrutti nella prima procedura di distruzione periodica successiva alla data in cui sorge l\u2019obbligo di distruzione dei dati personali. In questo ambito, qualora sorga l\u2019obbligo di distruzione, i dati personali sono sottoposti a distruzione con periodicit\u00e0 di 6 mesi.<\/p>\n<table>\n<tbody>\n<tr>\n<td width=\"214\">PROCESSO<\/td>\n<td width=\"214\">PERIODO DI CONSERVAZIONE<\/td>\n<td width=\"214\">PERIODO DI DISTRUZIONE<\/td>\n<\/tr>\n<tr>\n<td width=\"214\">Preparazione dei contratti<\/td>\n<td width=\"214\">10 anni dalla fine del contratto<\/td>\n<td width=\"214\">Nel primo periodo di distruzione periodica successivo alla fine del periodo di conservazione<\/td>\n<\/tr>\n<tr>\n<td width=\"214\">Esecuzione dei processi delle risorse umane<\/td>\n<td width=\"214\">10 anni dalla cessazione dell\u2019attivit\u00e0<\/td>\n<td width=\"214\">Nel primo periodo di distruzione periodica successivo alla fine del periodo di conservazione<\/td>\n<\/tr>\n<tr>\n<td width=\"214\">Esecuzione dei processi di accesso a hardware e software<\/td>\n<td width=\"214\">5 anni<\/td>\n<td width=\"214\">Nel primo periodo di distruzione periodica successivo alla fine del periodo di conservazione<\/td>\n<\/tr>\n<tr>\n<td width=\"214\">Registrazione dei visitatori e dei partecipanti alle riunioni<\/td>\n<td width=\"214\">5 anni<\/td>\n<td width=\"214\">Nel primo periodo di distruzione periodica successivo alla fine del periodo di conservazione<\/td>\n<\/tr>\n<tr>\n<td width=\"214\">Registri dei dati sanitari personali<\/td>\n<td width=\"214\">Per il periodo previsto dalla normativa pertinente<\/td>\n<td width=\"214\">Nel primo periodo di distruzione periodica successivo alla fine del periodo di conservazione<\/td>\n<\/tr>\n<tr>\n<td width=\"214\">Dati di identit\u00e0<\/td>\n<td width=\"214\">Per il periodo previsto dalla normativa pertinente<\/td>\n<td width=\"214\">Nel primo periodo di distruzione periodica successivo alla fine del periodo di conservazione<\/td>\n<\/tr>\n<tr>\n<td width=\"214\">Immagini della videocamera<\/p>\n<p>&nbsp;<\/p>\n<p>&nbsp;<\/p>\n<p>&nbsp;<\/td>\n<td width=\"214\">Per il periodo previsto dalla normativa pertinente<\/td>\n<td width=\"214\">Nel primo periodo di distruzione periodica successivo alla fine del periodo di conservazione<\/td>\n<\/tr>\n<tr>\n<td width=\"214\"><\/td>\n<td width=\"214\"><\/td>\n<td width=\"214\"><\/td>\n<\/tr>\n<\/tbody>\n<\/table>\n<p>&nbsp;<\/p>\n<p>La presente Politica si considera entrata in vigore dopo la sua pubblicazione sul sito internet.<\/p>\n","protected":false},"excerpt":{"rendered":"<p>POLITICA DI DISTRUZIONE DEI DATI PERSONALI Il titolare del trattamento\u00a0 \u00e8 lo studio del Do\u00e7. Dr. G\u00fcncel \u00d6zt\u00fcrk, che conserva e distrugge i vostri dati personali nel rispetto, innanzitutto, della Costituzione, della Legge n. 6698 sulla Protezione dei Dati Personali (KVKK), del Regolamento relativo alla cancellazione, distruzione o anonimizzazione dei dati personali e di ogni [&hellip;]<\/p>\n","protected":false},"author":1,"featured_media":0,"parent":0,"menu_order":0,"comment_status":"closed","ping_status":"closed","template":"","meta":{"footnotes":""},"class_list":["post-10901","page","type-page","status-publish","hentry"],"_links":{"self":[{"href":"https:\/\/drgosmile.com\/it\/wp-json\/wp\/v2\/pages\/10901","targetHints":{"allow":["GET"]}}],"collection":[{"href":"https:\/\/drgosmile.com\/it\/wp-json\/wp\/v2\/pages"}],"about":[{"href":"https:\/\/drgosmile.com\/it\/wp-json\/wp\/v2\/types\/page"}],"author":[{"embeddable":true,"href":"https:\/\/drgosmile.com\/it\/wp-json\/wp\/v2\/users\/1"}],"replies":[{"embeddable":true,"href":"https:\/\/drgosmile.com\/it\/wp-json\/wp\/v2\/comments?post=10901"}],"version-history":[{"count":3,"href":"https:\/\/drgosmile.com\/it\/wp-json\/wp\/v2\/pages\/10901\/revisions"}],"predecessor-version":[{"id":11150,"href":"https:\/\/drgosmile.com\/it\/wp-json\/wp\/v2\/pages\/10901\/revisions\/11150"}],"wp:attachment":[{"href":"https:\/\/drgosmile.com\/it\/wp-json\/wp\/v2\/media?parent=10901"}],"curies":[{"name":"wp","href":"https:\/\/api.w.org\/{rel}","templated":true}]}}