{"id":10902,"date":"2024-03-11T15:25:07","date_gmt":"2024-03-11T12:25:07","guid":{"rendered":"https:\/\/drgosmile.com\/policy-on-the-protection-and-processing-of-personal-data\/"},"modified":"2026-01-16T12:32:14","modified_gmt":"2026-01-16T09:32:14","slug":"informativa-sulla-protezione-e-sul-trattamento-dei-dati-personali","status":"publish","type":"page","link":"https:\/\/drgosmile.com\/it\/informativa-sulla-protezione-e-sul-trattamento-dei-dati-personali\/","title":{"rendered":"Informativa sulla Protezione e sul Trattamento dei Dati Personali"},"content":{"rendered":"<h2 style=\"text-align: center;\"><strong>Politica di Protezione e Trattamento dei Dati Personali<\/strong><\/h2>\n<p>&nbsp;<\/p>\n<p>Il titolare del trattamento, lo studio del Do\u00e7. Dr. G\u00fcncel \u00d6zt\u00fcrk,, attribuisce grande importanza alla protezione dei dati personali dei propri clienti, dipendenti e delle altre persone fisiche con cui intrattiene rapporti, nel rispetto delle disposizioni previste dalla Legge sulla Protezione dei Dati Personali, nell\u2019ambito dei principi di elevata qualit\u00e0 del servizio, rispetto dei diritti individuali, trasparenza e correttezza. Viene attribuita la massima importanza alla riservatezza dei pazienti e alla conservazione di ogni dato personale dei nostri pazienti, trattandolo e custodendolo con la migliore cura possibile. La presente politica \u00e8 stata predisposta al fine di proteggere e trattare i dati personali, nel rispetto dei principi fondamentali previsti dalla normativa, dei nostri pazienti nonch\u00e9 degli accompagnatori, visitatori e dei dipendenti di enti e organizzazioni con cui collaboriamo.<\/p>\n<p>&nbsp;<\/p>\n<p>Lo scopo della presente Politica \u00e8 garantire la trasparenza informando i soggetti i cui dati personali sono trattati, nell\u2019ambito delle attivit\u00e0 di trattamento dei dati personali svolte dal nostro studio in conformit\u00e0 alla normativa, in particolare i nostri pazienti, accompagnatori, visitatori, dipendenti e rappresentanti dell\u2019ente, nonch\u00e9 i dipendenti, i responsabili e i terzi delle organizzazioni con cui collaboriamo. In tale ambito, ai sensi della Legge n. 6698 e della normativa correlata, vengono adottate le misure amministrative e tecniche necessarie per il trattamento e la protezione dei dati personali. Nell\u2019ambito di questa politica, le persone fisiche i cui dati personali sono trattati sono indicate come Interessato, Soggetto Interessato o Titolare dei Dati Personali.<\/p>\n<p>&nbsp;<\/p>\n<p><strong>Consenso Esplicito:<\/strong> Consenso relativo a uno specifico argomento, basato su informazione e dichiarato con libera volont\u00e0.<\/p>\n<p><strong>Anonimizzazione:<\/strong> Modifica dei dati personali in modo tale che perdano la natura di dato personale e che tale situazione non possa essere reversibile. Ad esempio, rendere i dati personali non riconducibili a una persona fisica mediante tecniche quali mascheramento, aggregazione, alterazione dei dati, ecc. \u00c8 possibile anonimizzare i dati personali per vari scopi, purch\u00e9 ci\u00f2 non violi l\u2019ambito della KVKK e il consenso esplicito e sia conforme alla richiesta e\/o al consenso dell\u2019interessato. All\u2019interno del nostro studio saranno adottate le misure necessarie affinch\u00e9 i dati personali anonimizzati non possano essere resi nuovamente identificabili con vari metodi.<\/p>\n<p><strong>Dipendenti, Azionisti e Responsabili delle Organizzazioni con cui Collaboriamo: <\/strong> Indica le persone fisiche che lavorano in qualsiasi organizzazione con cui intratteniamo rapporti commerciali (partner, fornitori, ecc., a titolo esemplificativo e non esaustivo), inclusi i dipendenti, gli azionisti e i responsabili di tali organizzazioni.<\/p>\n<p><strong>Trattamento dei Dati Personali: <\/strong> Indica qualsiasi operazione eseguita sui dati, quali la raccolta, registrazione, archiviazione, conservazione, modifica, riorganizzazione, divulgazione, trasferimento, acquisizione, messa a disposizione, classificazione o impedimento dell\u2019uso dei dati personali, ottenuti con mezzi totalmente o parzialmente automatizzati oppure con mezzi non automatizzati purch\u00e9 facenti parte di un sistema di registrazione dei dati.<\/p>\n<p><strong>Dati Personali<\/strong>: Indica qualsiasi informazione relativa a una persona fisica identificata o identificabile. Tutte le informazioni che rendono una persona identificabile sono disciplinate come dati personali; a titolo di esempio possono essere citati il Numero di Identit\u00e0 TR, Nome e Cognome, indirizzo e-mail, numero di telefono, indirizzo di residenza, data di nascita, numero di conto bancario.<\/p>\n<p><strong>Dati Personali di Categoria Particolare:<\/strong> Indica i dati particolari quali razza, origine etnica, opinioni politiche, convinzioni filosofiche, religione, setta o altre credenze, abbigliamento, appartenenza ad associazioni, fondazioni o sindacati, salute, vita sessuale, condanne penali e misure di sicurezza, nonch\u00e9 dati biometrici e genetici.<\/p>\n<p><strong>Terzo: <\/strong> Indica le persone fisiche terze collegate ai soggetti sopra menzionati al fine di garantire la sicurezza delle transazioni commerciali tra tali parti o di proteggere i diritti e procurare benefici\/interessi ai soggetti menzionati. (Ad esempio dipendenti o responsabili della societ\u00e0 da cui si riceve il servizio, Accompagnatore ecc.)<\/p>\n<p><strong>Responsabile del Trattamento:<\/strong> Indica la persona fisica o giuridica che tratta dati personali per conto del titolare del trattamento sulla base dell\u2019autorizzazione da lui conferita. Ad esempio, la societ\u00e0 informatica che conserva i nostri dati.<\/p>\n<p><strong>Titolare del Trattamento: <\/strong> Indica la persona che determina le finalit\u00e0 e i mezzi del trattamento dei dati personali e gestisce il luogo (sistema di registrazione dei dati) in cui i dati sono conservati sistematicamente.<\/p>\n<p>&nbsp;<\/p>\n<p>Nell\u2019ambito della KVKK, il nostro studio ha la qualifica di titolare del trattamento ed \u00e8 registrato nel sistema VERB\u0130S. \u00c8 stato costituito un team (Team del Titolare del Trattamento dei Dati Personali) all\u2019interno del nostro studio. Nei casi che richiedono l\u2019adozione di una decisione, dopo aver acquisito il parere di un giurista\/avvocato esperto in materia di dati personali, la decisione viene sottoposta all\u2019approvazione della direzione e, successivamente, messa in attuazione.<\/p>\n<p>&nbsp;<\/p>\n<p>I dati personali trattati possono variare in base ai servizi sanitari prestati e vengono raccolti con metodi fisici e\/o digitali. I dati personali di categoria particolare, in primo luogo i dati sanitari, e i dati personali di natura generale raccolti oralmente, per iscritto o in formato digitale attraverso i nostri pazienti, medici, personale sanitario e altri dipendenti, societ\u00e0 appaltatrici e loro dipendenti, societ\u00e0 con cui vengono intraprese attivit\u00e0 commerciali di qualsiasi tipo, il nostro call center, il sito web del nostro studio, servizi online e canali simili, sono trattati per le finalit\u00e0 indicate di seguito e per ulteriori finalit\u00e0 che potrebbero sorgere in futuro:<\/p>\n<ul>\n<li><strong>Esecuzione della diagnos<\/strong><strong>i medica, del trattamento e dei servizi di assistenza,<\/strong><\/li>\n<li><strong>Tutela della salute pubblica,<\/strong><\/li>\n<li><strong>Pianificazione e ges<\/strong><strong>tione dei servizi sanitari di medicina preventiva e del loro finanziamento,<\/strong><\/li>\n<li><strong>Possibilit\u00e0 di informare i nostri pazienti in merito all\u2019appuntamento<\/strong><\/li>\n<li><strong>Pianificazione e ges<\/strong><strong>tione delle procedure interne,<\/strong><\/li>\n<li><strong>Svolgere analisi al fine di migliorare l\u2019erogazione dei servizi sanitari nel rispetto della normativa,<\/strong><\/li>\n<li><strong>Svolgimento di attivit\u00e0 di gestione del rischio e miglioramento della qualit\u00e0,<\/strong><\/li>\n<li><strong>Svolgimento di attivit\u00e0 di ricerca,<\/strong><\/li>\n<li><strong>Adempimento dei requisiti legali e regolamentari,<\/strong><\/li>\n<li><strong>Fatturazione dei servizi resi,<\/strong><\/li>\n<li><strong>Verifica della vostra identit\u00e0<\/strong><\/li>\n<li><strong>Verifica del vostro rapporto con le organizzazioni convenzionate,<\/strong><\/li>\n<li><strong>Condivisione di tutte le informazioni richieste dalle compagnie assicurative private nell\u2019ambito del finanziamento dei servizi sanitari,<\/strong><\/li>\n<li><strong>Possibilit\u00e0 di rispondere a qualsiasi domanda e reclamo relativo ai nostri servizi sanitari,<\/strong><\/li>\n<li><strong>Adottare tutte le misure tecniche e amministrative necessarie nell\u2019ambito della sicurezza dei dati,<\/strong><\/li>\n<li><strong>Garantire la riconciliazione finanziaria relativa ai servizi sanitari a voi forniti con le organizzazioni con cui siamo convenzionati, le banche e tutte le istituzioni (pubbliche e private) che incassano spese sanitarie,<\/strong><\/li>\n<li><strong>Condivisione delle informazioni richieste con il Ministero della Salute e altre istituzioni e organizzazioni pubbliche ai sensi della normativa pertinente,<\/strong><\/li>\n<li><strong>Misurazione della soddisfazione del paziente e incremento della soddisfazione del paziente,<\/strong><\/li>\n<li><strong>Adempimento di contratti e dei nostri obblighi legali, ecc., <\/strong>possono essere raccolti e trattati per il perseguimento di tali finalit\u00e0.<\/li>\n<\/ul>\n<p>&nbsp;<\/p>\n<p><strong>CATEGORIZZAZIONE DEI DATI PERSONALI TRATTATI<\/strong><\/p>\n<p><strong>Dati Identificativi: <\/strong> Tutte le informazioni relative all\u2019identit\u00e0 della persona presenti in documenti quali patente, carta d\u2019identit\u00e0, passaporto, tesserino di avvocato, libretto di famiglia, ecc.<\/p>\n<p><strong>Dati di Contatto<\/strong>: Informazioni finalizzate a contattare il titolare dei dati, quali numero di telefono, indirizzo, residenza, e-mail<\/p>\n<p><strong>Dati di Localizzazione:<\/strong> Dati che risultano chiaramente appartenere a una persona fisica identificata o identificabile e che, all\u2019interno del sistema di registrazione dei dati, consentono di determinare la posizione del titolare dei dati<\/p>\n<p><strong>Dati su Familiari e Prossimi Congiunti:<\/strong> Informazioni sui familiari e sui prossimi congiunti del titolare dei dati personali, chiaramente riferibili a una persona fisica identificata o identificabile e presenti nel sistema di registrazione dei dati, trattate al fine di tutelare gli interessi giuridici dell\u2019Ente interessato e del titolare dei dati<\/p>\n<p><strong>Spazio Fisico: <\/strong> Dati personali relativi a registrazioni e documenti quali riprese di telecamere, registrazioni di impronte digitali, registrazioni visive e sonore<\/p>\n<p><strong>Dati di Sicurezza delle Operazioni:<\/strong> Dati personali trattati per garantire la sicurezza tecnica, amministrativa, legale e commerciale nello svolgimento delle nostre attivit\u00e0<\/p>\n<p><strong>Dati Finanziari: <\/strong> Dati personali trattati relativi a qualsiasi informazione, documento e registrazione che mostri un risultato finanziario<\/p>\n<p><strong>Dati del Candidato Dipendente<\/strong>: Dati personali trattati relativi a persone che hanno presentato domanda di assunzione (CV o informazioni del curriculum)<\/p>\n<p><strong>Dati del Personale:<\/strong> Informazioni relative a buste paga, procedimenti disciplinari, dati SGK, registrazioni dei documenti di assunzione-cessazione, dichiarazioni patrimoniali, informazioni del curriculum, report di valutazione delle prestazioni, risultati dei colloqui, contenuto del contratto di lavoro, informazioni sull\u2019inizio del lavoro e sulla cessazione del lavoro<\/p>\n<p><strong>Operazioni Giuridiche:<\/strong> Dati personali trattati nell\u2019ambito dell\u2019accertamento e del perseguimento dei nostri crediti e diritti legali e dell\u2019adempimento dei nostri debiti, nonch\u00e9 dei nostri obblighi di legge<\/p>\n<p>&nbsp;<\/p>\n<p>I suddetti dati personali potranno essere trattati nell\u2019ambito delle disposizioni normative quali la Legge Base sui Servizi Sanitari n. 3359, il Decreto Legge n. 663 sulla Struttura e i Compiti del Ministero della Salute e delle sue Organizzazioni collegate, il Regolamento sugli Ospedali Privati, il Regolamento sui Dati Sanitari Personali e le disposizioni del Ministero della Salute, ecc., e potranno essere trasferiti agli archivi fisici e ai sistemi informatici del nostro studio e\/o dei nostri fornitori.<\/p>\n<p>&nbsp;<\/p>\n<p>Il nostro studio accetta di trattare i dati personali nel rispetto dei seguenti principi:<\/p>\n<ul>\n<li>Conformit\u00e0 alla legge e al principio di correttezza,<br \/>\n\u2022 Garantire che i dati personali siano corretti e, quando necessario, aggiornati,<br \/>\n\u2022 Trattare per finalit\u00e0 determinate, esplicite e legittime,<br \/>\n\u2022 Essere pertinenti, limitati e proporzionati alle finalit\u00e0 per cui sono trattati,<br \/>\n\u2022 Conservare per il periodo previsto dalla normativa pertinente o necessario per la finalit\u00e0 del trattamento<\/li>\n<\/ul>\n<p>&nbsp;<\/p>\n<p>Il consenso esplicito del titolare dei dati personali \u00e8 soltanto una delle basi giuridiche che consentono il trattamento lecito dei dati personali. Oltre al consenso esplicito, i dati personali possono essere trattati anche in presenza di una delle altre condizioni indicate di seguito. La base giuridica dell\u2019attivit\u00e0 di trattamento dei dati personali pu\u00f2 essere una sola delle condizioni elencate di seguito, oppure pi\u00f9 condizioni contemporaneamente. Qualora i dati trattati siano dati personali di categoria particolare, si applicano le condizioni di seguito riportate:<\/p>\n<ul>\n<li>Presenza del Consenso Esplicito del Titolare dei Dati Personali,<\/li>\n<li>Previsione Esplicita nelle Leggi,<\/li>\n<li>Impossibilit\u00e0 di ottenere il consenso esplicito dell\u2019interessato per causa di impossibilit\u00e0 di fatto<\/li>\n<li>Diretta Pertinenza con la Conclusione o l\u2019Esecuzione del Contratto<\/li>\n<li>Adempimento dell\u2019Obbligo Giuridico dello Studio:<\/li>\n<li>Il Titolare dei Dati Personali rende pubblici i propri dati personali:<\/li>\n<li>Necessit\u00e0 del trattamento dei dati per la costituzione o la tutela di un diritto:<\/li>\n<li>Necessit\u00e0 del trattamento dei dati per il legittimo interesse del nostro studio, (L\u2019espressione \u201clegittimi interessi dello studio\u201d non pu\u00f2 in alcun modo essere contraria ai principi determinati dalla KVKK e alla finalit\u00e0 del trattamento dei dati personali e non pu\u00f2 costituire un intervento sulla sostanza del diritto garantito dalla Costituzione.)<\/li>\n<\/ul>\n<p>&nbsp;<\/p>\n<p>I dati personali di categoria particolare sono trattati dal nostro studio, a condizione che vengano adottate le misure adeguate che saranno determinate dal Consiglio per la Protezione dei Dati Personali, nei seguenti casi:<\/p>\n<ul>\n<li>Se il titolare dei dati personali ha prestato il proprio consenso esplicito, oppure<\/li>\n<li>Se il titolare dei dati personali non ha prestato il proprio consenso esplicito; i dati personali di categoria particolare diversi dai dati relativi alla salute e alla vita sessuale, nei casi previsti dalla legge,<\/li>\n<li>I dati personali di categoria particolare relativi alla salute e alla vita sessuale del titolare dei dati personali sono trattati esclusivamente per la tutela della salute pubblica, la medicina preventiva, l\u2019esecuzione di diagnosi medica, trattamento e servizi di assistenza, nonch\u00e9 la pianificazione e gestione dei servizi sanitari e del loro finanziamento, da parte di soggetti tenuti all\u2019obbligo di segretezza o da istituzioni e organizzazioni autorizzate.<\/li>\n<\/ul>\n<p>&nbsp;<\/p>\n<p><strong>MISURE TECNICHE E AMMINISTRATIVE<\/strong><\/p>\n<p>Il nostro studio, in conformit\u00e0 all\u2019articolo 12 della KVKK e alle disposizioni del Regolamento, ai principi generali sopra indicati, alla presente Politica e alle decisioni del Consiglio per la Protezione dei Dati Personali, adotta le misure tecniche e amministrative necessarie in relazione ai punti sotto indicati, in base alle possibilit\u00e0 tecnologiche e ai costi di implementazione:<\/p>\n<ul>\n<li>Sono stati determinati i software e l\u2019hardware necessari. Vengono utilizzate password robuste sui computer e sugli account e-mail.<\/li>\n<li>Le informazioni che devono essere protette per la tutela dei dati dei clienti sono state trasmesse al personale tramite formazione e le responsabilit\u00e0 sono state formalizzate per iscritto nei contratti di lavoro. (Accordi di Riservatezza) Tale obbligo continua anche dopo la cessazione del rapporto di lavoro dei soggetti interessati.<\/li>\n<li>\u00c8 stata predisposta l\u2019infrastruttura necessaria per il backup di tutti i dati.<\/li>\n<li>Sono stati individuati i dipendenti che possono accedere ai dati presenti sui computer.<\/li>\n<li>Le cartelle e le informazioni dei clienti vengono fornite solo agli interessati stessi, ai loro familiari con autorizzazione scritta, alle istituzioni e organizzazioni pubbliche competenti nell\u2019ambito della normativa e, in caso di procedimenti giudiziari, alle autorit\u00e0 giudiziarie competenti.<\/li>\n<li>Prima di iniziare il trattamento dei dati personali, l\u2019ente adempie all\u2019obbligo di informazione nei confronti degli interessati.<\/li>\n<li>\u00c8 stato predisposto l\u2019inventario del trattamento dei dati personali.<\/li>\n<li>Mediante testi affissi presso il nostro studio o resi accessibili ai visitatori in altro modo, i titolari dei dati personali vengono informati su tali aspetti.<\/li>\n<\/ul>\n<p>&nbsp;<\/p>\n<p>I vostri dati personali, nel rispetto dei principi fondamentali previsti dalla Legge e nell\u2019ambito delle condizioni e delle finalit\u00e0 di trattamento dei dati personali indicate negli articoli 8 e 9 della Legge, e per le finalit\u00e0 sopra indicate, potranno essere condivisi dal nostro studio con il Ministero della Salute, le sue unit\u00e0 subordinate e i centri di medicina di famiglia, le compagnie assicurative private (assicurazioni sanitarie, pensionistiche, vita e simili), l\u2019Istituto di Sicurezza Sociale, la Direzione Generale della Sicurezza e le altre forze dell\u2019ordine, la Direzione Generale dell\u2019Anagrafe, l\u2019Associazione dei Farmacisti della Turchia, procure e tribunali, laboratori in patria o all\u2019estero con cui collaboriamo per la diagnosi medica, centri medici e terzi che forniscono servizi sanitari, la struttura sanitaria a cui il paziente \u00e8 stato indirizzato o a cui il paziente si \u00e8 rivolto, i vostri rappresentanti regolarmente autorizzati, terzi da cui riceviamo consulenza, autorit\u00e0 regolatorie e di vigilanza e autorit\u00e0 ufficiali, i nostri fornitori e i nostri fornitori di servizi di supporto di cui usufruiamo o con cui collaboriamo, nell\u2019ambito delle condizioni e delle finalit\u00e0 di trattamento dei dati personali indicate negli articoli 8 e 9 della Legge.<\/p>\n<p>&nbsp;<\/p>\n<p>In relazione ai dati personali trattati, l\u2019interessato ha il diritto di: sapere se i propri dati personali sono trattati; se trattati, richiedere informazioni al riguardo; accedere ai dati sanitari personali e richiederli; sapere se sono utilizzati conformemente alle finalit\u00e0; conoscere i terzi a cui sono stati trasferiti; richiedere la rettifica in caso di trattamento errato; richiedere la cancellazione o la distruzione dei dati personali; richiedere che la rettifica sia comunicata ai terzi a cui i dati sono stati trasferiti in caso di trattamento errato; opporsi a un risultato a lui sfavorevole derivante dall\u2019analisi tramite sistemi automatizzati; richiedere il risarcimento del danno subito a causa del trattamento illecito dei dati personali. Tali diritti possono essere esercitati presentando una richiesta scritta al nostro studio.<\/p>\n<p>L\u2019attivit\u00e0 di trattamento dei dati personali viene svolta dal nostro studio mediante l\u2019utilizzo di telecamere di sicurezza e la registrazione di immagini durante l\u2019ingresso e l\u2019uscita degli ospiti. In tale ambito, il nostro studio opera in conformit\u00e0 alla Legge sulla Protezione dei Dati Personali e alla normativa in materia di sicurezza.<\/p>\n<p>Alle registrazioni conservate in ambiente digitale possono accedere esclusivamente dipendenti autorizzati e\/o dipendenti della societ\u00e0 fornitrice. Le registrazioni delle telecamere vengono conservate per 2 mesi.<\/p>\n<p>La presente Politica si considera entrata in vigore dopo la sua pubblicazione sul sito internet.<\/p>\n<p>Traduci integralmente tutti i contenuti che ho inviato, senza alterare la struttura HTML\/codice, facendo s\u00ec che solo i testi siano in italiano<\/p>\n","protected":false},"excerpt":{"rendered":"<p>Politica di Protezione e Trattamento dei Dati Personali &nbsp; Il titolare del trattamento, lo studio del Do\u00e7. Dr. G\u00fcncel \u00d6zt\u00fcrk,, attribuisce grande importanza alla protezione dei dati personali dei propri clienti, dipendenti e delle altre persone fisiche con cui intrattiene rapporti, nel rispetto delle disposizioni previste dalla Legge sulla Protezione dei Dati Personali, nell\u2019ambito dei [&hellip;]<\/p>\n","protected":false},"author":1,"featured_media":0,"parent":0,"menu_order":0,"comment_status":"closed","ping_status":"closed","template":"","meta":{"footnotes":""},"class_list":["post-10902","page","type-page","status-publish","hentry"],"_links":{"self":[{"href":"https:\/\/drgosmile.com\/it\/wp-json\/wp\/v2\/pages\/10902","targetHints":{"allow":["GET"]}}],"collection":[{"href":"https:\/\/drgosmile.com\/it\/wp-json\/wp\/v2\/pages"}],"about":[{"href":"https:\/\/drgosmile.com\/it\/wp-json\/wp\/v2\/types\/page"}],"author":[{"embeddable":true,"href":"https:\/\/drgosmile.com\/it\/wp-json\/wp\/v2\/users\/1"}],"replies":[{"embeddable":true,"href":"https:\/\/drgosmile.com\/it\/wp-json\/wp\/v2\/comments?post=10902"}],"version-history":[{"count":4,"href":"https:\/\/drgosmile.com\/it\/wp-json\/wp\/v2\/pages\/10902\/revisions"}],"predecessor-version":[{"id":11160,"href":"https:\/\/drgosmile.com\/it\/wp-json\/wp\/v2\/pages\/10902\/revisions\/11160"}],"wp:attachment":[{"href":"https:\/\/drgosmile.com\/it\/wp-json\/wp\/v2\/media?parent=10902"}],"curies":[{"name":"wp","href":"https:\/\/api.w.org\/{rel}","templated":true}]}}