{"id":11240,"date":"2026-02-20T13:42:11","date_gmt":"2026-02-20T10:42:11","guid":{"rendered":"https:\/\/drgosmile.com\/?page_id=11240"},"modified":"2026-02-25T10:54:53","modified_gmt":"2026-02-25T07:54:53","slug":"testo-informativo-sui-cookie","status":"publish","type":"page","link":"https:\/\/drgosmile.com\/it\/testo-informativo-sui-cookie\/","title":{"rendered":"Testo informativo sui cookie"},"content":{"rendered":"<p><strong>Testo informativo<\/strong><\/p>\n<p>Come ASG HEALTH AND TOURISM SERVICES INDUSTRY TRADE INC., utilizziamo determinate tecnologie (cookie), come pixel e GIF, per migliorare la tua esperienza durante le visite al nostro sito web. L&#8217;utilizzo di queste tecnologie avviene in conformit\u00e0 con la legislazione a cui siamo soggetti, in particolare la Legge n. 6698 sulla Protezione dei Dati Personali.<\/p>\n<p>Lo scopo della presente Informativa sui Cookie \u00e8 quello di informarti sul trattamento dei dati personali ottenuti tramite l&#8217;utilizzo dei cookie da parte dei visitatori del sito (Interessato) durante la navigazione del sito web da noi gestito. In questo testo, desideriamo spiegarti quali tipi di cookie utilizziamo sul nostro sito, per quali finalit\u00e0 e come puoi controllarli. In conformit\u00e0 con gli articoli 5 e 8 della Legge sulla Protezione dei Dati Personali e\/o laddove esistano eccezioni previste dalla normativa applicabile, i tuoi dati personali potranno essere trattati per le finalit\u00e0 sopra indicate, con il tuo consenso ove richiesto dalla legge, e senza il tuo consenso in caso contrario.<\/p>\n<p><strong>Biscotti<\/strong><\/p>\n<p>Utilizziamo i cookie sul nostro sito web per vari scopi e attraverso di essi trattiamo i tuoi dati personali. Tali scopi includono principalmente:<\/p>\n<p>\u2013 Per svolgere le funzioni di base necessarie al funzionamento del sito.<\/p>\n<p>\u2013 Analizzare il sito e migliorarne le prestazioni. Ad esempio, determinare il numero di visitatori del sito e adattare di conseguenza le impostazioni delle prestazioni.<\/p>\n<p>\u2013 Per migliorare la funzionalit\u00e0 e l&#8217;usabilit\u00e0 del Sito. Ad esempio, per condividere contenuti del Sito su piattaforme di social media di terze parti.<\/p>\n<p>Potremmo condividere i tuoi dati personali con terze parti, partner commerciali e aziende con cui intratteniamo rapporti commerciali, solo nella misura necessaria al raggiungimento delle finalit\u00e0 sopra indicate e nel rispetto della legge.<\/p>\n<p>I cookie che utilizziamo sul nostro sito web:<\/p>\n<p>Cookie di funzionalit\u00e0 e preferenze: questi cookie ricordano le tue preferenze e scelte sul sito, consentendoci di personalizzare i servizi offerti sul nostro sito per te. Ad esempio, ci consentono di ricordare la lingua selezionata sul nostro sito o la dimensione del carattere che hai scelto durante la lettura del testo.<\/p>\n<p>Cookie dei social media: questi cookie consentono la raccolta di informazioni sul tuo utilizzo dei social media. Ad esempio, i cookie possono essere utilizzati per utilizzare le informazioni dei tuoi account Facebook\/Twitter per creare annunci pubblicitari personalizzati o condurre ricerche di mercato.<\/p>\n<p>Cookie di performance e analisi: questi cookie ci consentono di analizzare l&#8217;utilizzo del nostro sito e le sue prestazioni, consentendoci di migliorare i servizi che forniamo. Ad esempio, questi cookie ci consentono di identificare quali pagine i nostri visitatori visualizzano pi\u00f9 frequentemente, se il nostro sito funziona correttamente e rilevare potenziali problemi.<\/p>\n<p>Utilizziamo i cookie anche per promuovere prodotti e servizi sul nostro sito web e su altre piattaforme. Potremmo anche collaborare con alcuni partner commerciali per fornirti contenuti pubblicitari e promozionali all&#8217;interno o all&#8217;esterno del nostro sito web. Puoi personalizzare le tue preferenze sui cookie modificando le impostazioni del tuo browser.<\/p>\n<p>le richieste ai sensi dell&#8217;articolo 11 della Legge, che regola i diritti dell&#8217;interessato, per iscritto all&#8217;indirizzo della nostra azienda Dikilitas Mah. Ayazmaderesi Cad. No: 10 Ic Kapi No: 63 Besiktas\/Istanbul. o tramite la sezione &#8220;Modulo di richiesta KVKK &#8221; sul nostro sito web , in conformit\u00e0 con l'&#8221;Informativa sulle procedure e i principi per le richieste al titolare del trattamento&#8221;. Potremmo interrompere l&#8217;utilizzo dei cookie che utilizziamo sul nostro sito, modificarne la tipologia o le funzioni o aggiungere nuovi cookie al nostro sito. La Societ\u00e0 non sar\u00e0 ritenuta responsabile qualora l&#8217; interessato non abbia fornito informazioni aggiornate.<\/p>\n<p>L&#8217;Interessato riconosce che qualora effettui una richiesta che comporti l&#8217;impossibilit\u00e0 per la Societ\u00e0 di utilizzare alcuni dei suoi dati personali, potrebbe non essere in grado di beneficiare appieno delle funzionalit\u00e0 del Sito e dichiara che sar\u00e0 l&#8217;unico responsabile di qualsiasi conseguenza derivante da ci\u00f2.<\/p>\n<p>Per informazioni pi\u00f9 dettagliate sulle modalit\u00e0 di trattamento dei tuoi dati personali da parte della Societ\u00e0, ti consigliamo di consultare la sezione &#8220;Protezione dei dati personali e privacy&#8221; all&#8217;indirizzo https:\/\/drgosmile.com\/cookie-information-text\/.<\/p>\n","protected":false},"excerpt":{"rendered":"<p>Testo informativo Come ASG HEALTH AND TOURISM SERVICES INDUSTRY TRADE INC., utilizziamo determinate tecnologie (cookie), come pixel e GIF, per migliorare la tua esperienza durante le visite al nostro sito web. L&#8217;utilizzo di queste tecnologie avviene in conformit\u00e0 con la legislazione a cui siamo soggetti, in particolare la Legge n. 6698 sulla Protezione dei Dati [&hellip;]<\/p>\n","protected":false},"author":1,"featured_media":0,"parent":0,"menu_order":0,"comment_status":"closed","ping_status":"closed","template":"","meta":{"footnotes":""},"class_list":["post-11240","page","type-page","status-publish","hentry"],"_links":{"self":[{"href":"https:\/\/drgosmile.com\/it\/wp-json\/wp\/v2\/pages\/11240","targetHints":{"allow":["GET"]}}],"collection":[{"href":"https:\/\/drgosmile.com\/it\/wp-json\/wp\/v2\/pages"}],"about":[{"href":"https:\/\/drgosmile.com\/it\/wp-json\/wp\/v2\/types\/page"}],"author":[{"embeddable":true,"href":"https:\/\/drgosmile.com\/it\/wp-json\/wp\/v2\/users\/1"}],"replies":[{"embeddable":true,"href":"https:\/\/drgosmile.com\/it\/wp-json\/wp\/v2\/comments?post=11240"}],"version-history":[{"count":2,"href":"https:\/\/drgosmile.com\/it\/wp-json\/wp\/v2\/pages\/11240\/revisions"}],"predecessor-version":[{"id":11269,"href":"https:\/\/drgosmile.com\/it\/wp-json\/wp\/v2\/pages\/11240\/revisions\/11269"}],"wp:attachment":[{"href":"https:\/\/drgosmile.com\/it\/wp-json\/wp\/v2\/media?parent=11240"}],"curies":[{"name":"wp","href":"https:\/\/api.w.org\/{rel}","templated":true}]}}