{"id":9210,"date":"2023-01-11T17:12:29","date_gmt":"2023-01-11T14:12:29","guid":{"rendered":"https:\/\/drgosmile.com\/clinic\/"},"modified":"2026-01-07T10:19:28","modified_gmt":"2026-01-07T07:19:28","slug":"klinik","status":"publish","type":"page","link":"https:\/\/drgosmile.com\/tr\/klinik\/","title":{"rendered":"Klinik"},"content":{"rendered":"<h2>Dr. GO Esteti\u011fin Sanat\u0131n\u0131 Elde Etmek<\/h2>\n<h2>Biz, hastalar\u0131n di\u015f sa\u011fl\u0131k sorunlar\u0131n\u0131 bulan ve \u00f6zelle\u015ftirilmi\u015f \u00e7\u00f6z\u00fcmler sunman\u0131n yan\u0131 s\u0131ra gerekti\u011finde yard\u0131mc\u0131 ve koruyucu ek hizmetleri de kapsayan bir di\u015f esteti\u011fi klini\u011fiyiz.<\/h2>\n<p><a href=\"https:\/\/api.whatsapp.com\/send?phone=905469020694\" target=\"_blank\" rel=\"noopener\"><br \/>\n\u00dcCRETS\u0130Z DANI\u015eMANLIK<br \/>\n<\/a><br \/>\n<iframe loading=\"lazy\" title=\"DrGO Smile | Natural Smile Cosmetics\" src=\"https:\/\/www.youtube.com\/embed\/JITKz6G5bro\" width=\"1250\" height=\"703\" frameborder=\"0\" allowfullscreen=\"allowfullscreen\"><\/iframe><\/p>\n<h2>Misyonumuz<\/h2>\n<p>&#8220;Di\u015f Tedavileri&#8221; konseptini geleneksel alg\u0131 ve anlay\u0131\u015f\u0131yla birle\u015ftirerek gerekli &#8220;Sanat&#8221;\u0131 kullanarak, en yenilik\u00e7i, farkl\u0131 ve en y\u00fcksek seviyede hizmet verebilmeyi ama\u00e7l\u0131yoruz.<\/p>\n<p>En son teknoloji ile ad\u0131m att\u0131\u011f\u0131m\u0131z\u0131 g\u00f6stererek d\u00fcnya genelindeki geli\u015fmelerle ayn\u0131 h\u0131zda ilerlemeyi hedefliyoruz.<\/p>\n<p>Hastalar\u0131n haklar\u0131na sayg\u0131 duyarak ve t\u0131p alan\u0131ndaki geli\u015fmeleri s\u00fcrekli olarak takip ederek, hayal etti\u011finiz g\u00fcl\u00fcmseyi\u015fi elde etmenize yard\u0131mc\u0131 olurken hi\u00e7bir masraftan veya etik de\u011ferden ka\u00e7\u0131nmayaca\u011f\u0131z. Bu s\u00fcre\u00e7te her zaman taleplerinizi g\u00f6z \u00f6n\u00fcnde bulunduraca\u011f\u0131z.<\/p>\n<p><img decoding=\"async\" src=\"https:\/\/drgosmile.com\/wp-content\/uploads\/2023\/01\/pexels-anna-shvets-3845806.jpg\" sizes=\"(max-width: 1280px) 100vw, 1280px\" srcset=\"https:\/\/drgosmile.com\/wp-content\/uploads\/2023\/01\/pexels-anna-shvets-3845806.jpg 1280w, https:\/\/drgosmile.com\/wp-content\/uploads\/2023\/01\/pexels-anna-shvets-3845806-300x200.jpg 300w, https:\/\/drgosmile.com\/wp-content\/uploads\/2023\/01\/pexels-anna-shvets-3845806-1024x682.jpg 1024w, https:\/\/drgosmile.com\/wp-content\/uploads\/2023\/01\/pexels-anna-shvets-3845806-768x512.jpg 768w\" alt=\"\" width=\"1280\" height=\"853\" title=\"\"><\/p>\n<h2>De\u011ferlerimiz<\/h2>\n<p>Hastalar\u0131m\u0131z\u0131 bireysel olarak ileti\u015fime ge\u00e7iyor, g\u00f6r\u00fc\u015flerini dinliyor ve taleplerini dikkate al\u0131yoruz.<\/p>\n<p>En iyi sonu\u00e7lar\u0131 elde etmek i\u00e7in hastalar\u0131m\u0131z\u0131 sa\u011fl\u0131kl\u0131 bir \u015fekilde bilgilendiriyoruz. Kar\u015f\u0131l\u0131kl\u0131 g\u00fcven ve \u015feffafl\u0131\u011f\u0131 benimseyiyoruz; ve her zaman etik de\u011ferler \u00e7er\u00e7evesinde hastalar\u0131m\u0131za do\u011fru bilgi ve anlay\u0131\u015f\u0131 yans\u0131t\u0131yoruz.<\/p>\n<p>Hastalar\u0131m\u0131z bizim misafirimizdir. \u0130\u015flemler, hastan\u0131n konforunun tamamen d\u00fc\u015f\u00fcn\u00fcld\u00fc\u011f\u00fc son derece y\u00fcksek kalite ko\u015fullar\u0131nda ger\u00e7ekle\u015ftirilir.<\/p>\n<h2>%99<br \/>\nHasta Memnuniyeti<\/h2>\n<h2>%97<br \/>\nM\u00fclakat Ba\u015far\u0131s\u0131<\/h2>\n<h2>%100<br \/>\nPersonelden Memnun<\/h2>\n<h2>%95<br \/>\nSeyahat Memnuniyeti<\/h2>\n<figure><img decoding=\"async\" src=\"https:\/\/drgosmile.com\/wp-content\/uploads\/2023\/09\/Gabriela-Paula-Iosif-1.png\" alt=\"Gabriela-Paula-Iosif\" title=\"\"><\/figure>\n<figure><img decoding=\"async\" src=\"https:\/\/drgosmile.com\/wp-content\/uploads\/2023\/09\/Anja-Wanduch-1.png\" alt=\"Anja-Wanduch\" title=\"\"><\/figure>\n<figure><img decoding=\"async\" src=\"https:\/\/drgosmile.com\/wp-content\/uploads\/2023\/09\/Monique-Espenhain-1.png\" alt=\"Monique-Espenhain\" title=\"\"><\/figure>\n<figure><img decoding=\"async\" src=\"https:\/\/drgosmile.com\/wp-content\/uploads\/2023\/09\/Noah-Kappenberg-1.png\" alt=\"Noah-Kappenberg\" title=\"\"><\/figure>\n<figure><img decoding=\"async\" src=\"https:\/\/drgosmile.com\/wp-content\/uploads\/2023\/08\/364054669_645528477528443_5705746092082525132_n.jpg\" alt=\"364054669_645528477528443_5705746092082525132_n\" title=\"\"><\/figure>\n<figure><img decoding=\"async\" src=\"https:\/\/drgosmile.com\/wp-content\/uploads\/2023\/08\/348282781_252700340579050_3593509993407057208_n-1.jpg\" alt=\"348282781_252700340579050_3593509993407057208_n\" title=\"\"><\/figure>\n<figure><img decoding=\"async\" src=\"https:\/\/drgosmile.com\/wp-content\/uploads\/2023\/08\/354204572_571878225125535_3723909435857876160_n-1.jpg\" alt=\"354204572_571878225125535_3723909435857876160_n\" title=\"\"><\/figure>\n<figure><img decoding=\"async\" src=\"https:\/\/drgosmile.com\/wp-content\/uploads\/2023\/03\/Veneer-Oznur-Yalcinkaya.jpg\" alt=\"Veneer-O\u0308znur-Yalc\u0327\u0131nkaya\" title=\"\"><\/figure>\n<figure><img decoding=\"async\" src=\"https:\/\/drgosmile.com\/wp-content\/uploads\/2023\/08\/358063687_134955182956090_3480087544949947574_n-1.jpg\" alt=\"358063687_134955182956090_3480087544949947574_n\" title=\"\"><\/figure>\n<figure><img decoding=\"async\" src=\"https:\/\/drgosmile.com\/wp-content\/uploads\/2023\/03\/E-max-Crown-Jahuar-Al-Jundi.jpg\" alt=\"E-max-Crown-Jahuar-Al-Jundi\" title=\"\"><\/figure>\n","protected":false},"excerpt":{"rendered":"<p>Dr. GO Esteti\u011fin Sanat\u0131n\u0131 Elde Etmek Biz, hastalar\u0131n di\u015f sa\u011fl\u0131k sorunlar\u0131n\u0131 bulan ve \u00f6zelle\u015ftirilmi\u015f \u00e7\u00f6z\u00fcmler sunman\u0131n yan\u0131 s\u0131ra gerekti\u011finde yard\u0131mc\u0131 ve koruyucu ek hizmetleri de kapsayan bir di\u015f esteti\u011fi klini\u011fiyiz. \u00dcCRETS\u0130Z DANI\u015eMANLIK Misyonumuz &#8220;Di\u015f Tedavileri&#8221; konseptini geleneksel alg\u0131 ve anlay\u0131\u015f\u0131yla birle\u015ftirerek gerekli &#8220;Sanat&#8221;\u0131 kullanarak, en yenilik\u00e7i, farkl\u0131 ve en y\u00fcksek seviyede hizmet verebilmeyi ama\u00e7l\u0131yoruz. En [&hellip;]<\/p>\n","protected":false},"author":1,"featured_media":0,"parent":0,"menu_order":0,"comment_status":"closed","ping_status":"closed","template":"template\/page--clinic.php","meta":{"footnotes":""},"class_list":["post-9210","page","type-page","status-publish","hentry"],"_links":{"self":[{"href":"https:\/\/drgosmile.com\/tr\/wp-json\/wp\/v2\/pages\/9210","targetHints":{"allow":["GET"]}}],"collection":[{"href":"https:\/\/drgosmile.com\/tr\/wp-json\/wp\/v2\/pages"}],"about":[{"href":"https:\/\/drgosmile.com\/tr\/wp-json\/wp\/v2\/types\/page"}],"author":[{"embeddable":true,"href":"https:\/\/drgosmile.com\/tr\/wp-json\/wp\/v2\/users\/1"}],"replies":[{"embeddable":true,"href":"https:\/\/drgosmile.com\/tr\/wp-json\/wp\/v2\/comments?post=9210"}],"version-history":[{"count":4,"href":"https:\/\/drgosmile.com\/tr\/wp-json\/wp\/v2\/pages\/9210\/revisions"}],"predecessor-version":[{"id":11053,"href":"https:\/\/drgosmile.com\/tr\/wp-json\/wp\/v2\/pages\/9210\/revisions\/11053"}],"wp:attachment":[{"href":"https:\/\/drgosmile.com\/tr\/wp-json\/wp\/v2\/media?parent=9210"}],"curies":[{"name":"wp","href":"https:\/\/api.w.org\/{rel}","templated":true}]}}