{"id":9286,"date":"2024-03-11T15:17:10","date_gmt":"2024-03-11T12:17:10","guid":{"rendered":"https:\/\/drgosmile.com\/personal-data-deletion-policy\/"},"modified":"2026-01-16T17:59:21","modified_gmt":"2026-01-16T14:59:21","slug":"kisisel-veri-imha-politikasi","status":"publish","type":"page","link":"https:\/\/drgosmile.com\/tr\/kisisel-veri-imha-politikasi\/","title":{"rendered":"KVKK &#8211; K\u0130\u015e\u0130SEL VER\u0130 \u0130MHA POL\u0130T\u0130KASI"},"content":{"rendered":"<h2 style=\"text-align: center;\"><strong>K\u0130\u015e\u0130SEL VER\u0130 \u0130MHA POL\u0130T\u0130KASI<\/strong><\/h2>\n<p>Veri sorumlusu\u00a0 Do\u00e7. Dr. G\u00fcncel \u00d6zt\u00fcrk muayenehanesi, ki\u015fisel verilerinizi ba\u015fta Anayasa olmak \u00fczere 6698 say\u0131l\u0131 Ki\u015fisel Verilerin Korunmas\u0131 Kanunu ve Ki\u015fisel Verilerin Silinmesi, Yok Edilmesi veya Anonim Hale Getirilmesi Hakk\u0131nda Y\u00f6netmelik ve di\u011fer ilgili mevzuata uygun \u015fekilde haz\u0131rlanan i\u015fbu Ki\u015fisel Veri Saklama ve \u0130mha Politikas\u0131\u2019nda belirtilen genel prensipler ve d\u00fczenlemelere uygun \u015fekilde saklamakta ve imha etmektedir.<\/p>\n<p>&nbsp;<\/p>\n<p>\u0130\u015fbu Politika ile Muayenehane, KVKK kapsam\u0131ndaki ki\u015fisel veri i\u015fleme faaliyetlerine konu ger\u00e7ek ki\u015fi verilerinin saklanmas\u0131 ve imha edilmesine ili\u015fkin genel ilke ve prensiplerin ortaya konulmas\u0131 ve\u00a0 mevzuatla belirlenen y\u00fck\u00fcml\u00fcl\u00fcklerin yerine getirilmesi ama\u00e7lanmaktad\u0131r.<\/p>\n<p><strong>A\u00e7\u0131k R\u0131za: <\/strong>Belirli bir konuya ili\u015fkin, bilgilendirilmeye dayanan ve \u00f6zg\u00fcr iradeyle a\u00e7\u0131klanan r\u0131za,<\/p>\n<p><strong>Al\u0131c\u0131 Grubu:<\/strong>Veri sorumlusu taraf\u0131ndan ki\u015fisel verilerin aktar\u0131ld\u0131\u011f\u0131 ger\u00e7ek veya t\u00fczel ki\u015fi kategorisi,<\/p>\n<p><strong>Anonim Hale Getirme :<\/strong> Ki\u015fisel verilerin, ba\u015fka verilerle e\u015fle\u015ftirilerek dahi hi\u00e7bir surette kimli\u011fi belirli veya belirlenebilir bir ger\u00e7ek ki\u015fiyle ili\u015fkilendirilemeyecek hale getirilmesi.<\/p>\n<p><strong>\u0130lgili Kullan\u0131c\u0131: <\/strong>Verilerin teknik olarak depolanmas\u0131, korunmas\u0131 ve yedeklenmesinden sorumlu olan ki\u015fi ya da birim hari\u00e7 olmak \u00fczere veri sorumlusu organizasyonu i\u00e7erisinde veya veri sorumlusundan ald\u0131\u011f\u0131 yetki ve talimat do\u011frultusunda ki\u015fisel verileri i\u015fleyen ki\u015filer,<\/p>\n<p><strong>\u0130mha:<\/strong>Ki\u015fisel verilerin silinmesi, yok edilmesi veya anonim hale getirilmesi,<br \/>\n<strong>Ki\u015fisel Veri:<\/strong>Kimli\u011fi belirli veya belirlenebilir ger\u00e7ek ki\u015fiye ili\u015fkin her t\u00fcrl\u00fc bilgi (\u00f6rn. ad-soyad, TCKN, e-posta, adresi, do\u011fum tarihi, kredi kart\u0131 numaras\u0131, banka hesap numaras\u0131<\/p>\n<p><strong>\u0130lgili Ki\u015fi: <\/strong>Ki\u015fisel verisi i\u015flenen ger\u00e7ek ki\u015fi,<\/p>\n<p><strong>Ki\u015fisel Verilerin \u0130\u015flenmesi: <\/strong>Ki\u015fisel verilerin tamamen veya k\u0131smen otomatik olan ya da herhangi bir veri kay\u0131t sisteminin par\u00e7as\u0131 olmak kayd\u0131yla otomatik olmayan yollarla elde edilmesi, kaydedilmesi, depolanmas\u0131, muhafaza edilmesi, de\u011fi\u015ftirilmesi, yeniden d\u00fczenlenmesi, a\u00e7\u0131klanmas\u0131, aktar\u0131lmas\u0131, devral\u0131nmas\u0131, elde edilebilir hale getirilmesi, s\u0131n\u0131fland\u0131r\u0131lmas\u0131 ya da kullan\u0131lmas\u0131n\u0131n engellenmesi gibi veriler \u00fczerinde ger\u00e7ekle\u015ftirilen her t\u00fcrl\u00fc i\u015flem,<\/p>\n<p><strong>\u00d6zel Nitelikli Ki\u015fisel Veri: <\/strong>Irk, etnik k\u00f6ken, siyasi d\u00fc\u015f\u00fcnce, felsefi inan\u00e7, din, mezhep veya di\u011fer inan\u00e7lar, k\u0131l\u0131k k\u0131yafet, dernek, vak\u0131f ya da sendika \u00fcyeli\u011fi, sa\u011fl\u0131k, cinsel hayat, ceza mahkumiyeti ve g\u00fcvenlik tedbirleriyle ilgili veriler ile biyometrik ve genetik veriler,<\/p>\n<p><strong>Periyodik \u0130mha: <\/strong>KVKK\u2019 da yer alan ki\u015fisel verilerin i\u015flenme \u015fartlar\u0131n\u0131n tamam\u0131n\u0131n ortadan kalkmas\u0131 durumunda i\u015fbu Politika\u2019da belirtilen ve tekrar eden aral\u0131klarla re\u2019sen ger\u00e7ekle\u015ftirilecek silme, yok etme veya anonim hale getirme i\u015flemi,<\/p>\n<p>&nbsp;<\/p>\n<p><strong>POL\u0130T\u0130KA \u0130LE D<\/strong><strong>\u00dcZENLENEN KAYIT ORTAMLARI<\/strong><\/p>\n<p>KVKK kapsam\u0131ndaki veri i\u015fleme faaliyetlerine konu t\u00fcm ki\u015fisel verileri kapsamaktad\u0131r. Ayr\u0131ca, Politika ile at\u0131f yap\u0131lan dok\u00fcmanlar hem fiziki hem de dijital kopyalar\u0131 kapsamaktad\u0131r.<\/p>\n<p>KVKK kapsam\u0131ndaki veri i\u015fleme faaliyetlerine konu t\u00fcm ki\u015fisel verileri, tamamen veya k\u0131smen otomatik olan ya da herhangi bir veri kay\u0131t sisteminin par\u00e7as\u0131 olmak kayd\u0131yla otomatik olmayan yollarla i\u015flenen ki\u015fisel verilerin bulundu\u011fu ve a\u015fa\u011f\u0131da belirtilen ortamlarda saklamaktad\u0131r:<\/p>\n<p>Muayenehane bilgisayarlar\u0131, e-posta hesaplar\u0131, masa\u00fcst\u00fc bilgisayarlar\u0131, \u00e7al\u0131\u015fanlar\u0131n\u0131n ara\u00e7lar\u0131 (\u00f6rn. cep telefonu), yedekleme alanlar\u0131, ka\u011f\u0131t dosyalar, klas\u00f6rler, ziyaret\u00e7i defteri, CD,DVD, USB, Hard diskler, yaz\u0131c\u0131, fotokopi makinesi vb.<\/p>\n<p><strong>K\u0130\u015e\u0130SEL VER\u0130LER\u0130N SAKLANMASINI VE \u0130MHASINI GEREKT\u0130REN SEBEPLER<\/strong><\/p>\n<p>Ki\u015fisel veri i\u015fleme faaliyetlerinde a\u015fa\u011f\u0131daki ilkeler esas al\u0131nmaktad\u0131r:<\/p>\n<ul>\n<li>Hukuka ve d\u00fcr\u00fcstl\u00fck kural\u0131na uygun olunmas\u0131,<br \/>\n\u2022Ki\u015fisel verilerin do\u011fru ve gerekti\u011finde g\u00fcncel olmas\u0131n\u0131 sa\u011flama,<br \/>\n\u2022Belirli, a\u00e7\u0131k ve me\u015fru ama\u00e7larla i\u015fleme,<br \/>\n\u2022\u0130\u015flendikleri ama\u00e7la ba\u011flant\u0131l\u0131, s\u0131n\u0131rl\u0131 ve \u00f6l\u00e7\u00fcl\u00fc olma,<br \/>\n\u2022\u0130lgili mevzuatta \u00f6ng\u00f6r\u00fclen veya i\u015flendikleri ama\u00e7 i\u00e7in gerekli olan s\u00fcre kadar muhafaza etme.<\/li>\n<\/ul>\n<p>Muayenehanemiz ki\u015fisel verileri, ki\u015fisel veri i\u015fleme ama\u00e7lar\u0131yla ve a\u015fa\u011f\u0131da belirtilen KVKK\u2019 n\u0131n 5\u2019inci ve 6\u2019nc\u0131 maddelerinde yer alan ki\u015fisel verilerin i\u015flenme \u015fartlar\u0131na istinaden ki\u015fisel verileri saklamakta ve kullanmakta olup, s\u00f6z konusu \u015fartlar\u0131n tamam\u0131n\u0131n ortadan kalkmas\u0131 halinde, ki\u015fisel verileri re\u2019sen veya ki\u015fisel veri sahibinin talebi \u00fczerine imha etmektedir:<\/p>\n<p>&nbsp;<\/p>\n<p><strong>Ki\u015fisel Veri Sahibinin A<\/strong><strong>\u00e7\u0131k R\u0131zas\u0131n\u0131n Bulunmas\u0131: <\/strong>Ki\u015fisel verilerin i\u015flenme \u015fartlar\u0131ndan birincisi, sahibinin a\u00e7\u0131k r\u0131zas\u0131d\u0131r.<\/p>\n<p><strong>Kanunlarda A\u00e7\u0131k<\/strong><strong>\u00e7a \u00d6ng\u00f6r\u00fclmesi:<\/strong>Veri sahibinin ki\u015fisel verileri, Kanunlarda a\u00e7\u0131k\u00e7a \u00f6ng\u00f6r\u00fclmesi halinde a\u00e7\u0131k r\u0131zas\u0131 al\u0131nmadan hukuka uygun olarak i\u015flenebilecektir.<\/p>\n<p><strong>Fiili \u0130mkans\u0131zl\u0131k Sebebiyle Ki\u015fisel Veri Sahibinin A<\/strong><strong>\u00e7\u0131k R\u0131zas\u0131n\u0131n Al\u0131namamas\u0131:<\/strong>Fiili imkans\u0131zl\u0131k nedeniyle r\u0131zas\u0131n\u0131 a\u00e7\u0131klayamayacak durumda olan veya r\u0131zas\u0131na ge\u00e7erlilik tan\u0131namayacak olan ki\u015finin kendisinin ya da ba\u015fka bir ki\u015finin hayat\u0131 veya beden b\u00fct\u00fcnl\u00fc\u011f\u00fcn\u00fc korumak i\u00e7in ki\u015fisel verisinin i\u015flenmesinin zorunlu olmas\u0131 halinde veri sahibinin ki\u015fisel verileri i\u015flenebilecektir.<\/p>\n<p><strong>S\u00f6zle\u015fmenin Kurulmas\u0131 veya \u0130fas\u0131yla Do\u011frudan \u0130lgi Olmas\u0131:<\/strong>Bir s\u00f6zle\u015fmenin kurulmas\u0131 veya ifas\u0131yla do\u011frudan do\u011fruya ilgili olmas\u0131 kayd\u0131yla, s\u00f6zle\u015fmenin taraflar\u0131na ait ki\u015fisel verilerin i\u015flenmesinin gerekli olmas\u0131 halinde ki\u015fisel verilerin i\u015flenmesi m\u00fcmk\u00fcnd\u00fcr.<\/p>\n<p><strong>Hukuki Y\u00fck\u00fcml\u00fcl\u00fck: <\/strong>\u015eirketimizin hukuki y\u00fck\u00fcml\u00fcl\u00fcklerini yerine getirmesi i\u00e7in veri i\u015flemenin zorunlu olmas\u0131 halinde ki\u015fisel veri sahibinin verileri i\u015flenebilecektir.<\/p>\n<p><strong>Ki\u015fisel Veri Sahibinin Ki\u015fisel Verisini Alenile\u015ftirmesi:<\/strong>Veri sahibinin, ki\u015fisel verisini kendisi taraf\u0131ndan alenile\u015ftirmi\u015f olmas\u0131 halinde ilgili ki\u015fisel veriler alenile\u015ftirmeyle s\u0131n\u0131rl\u0131 olarak i\u015flenebilecektir.<\/p>\n<p><strong>Bir Hakk\u0131n Tesisi veya Korunmas\u0131 i<\/strong><strong>\u00e7in Veri \u0130\u015flemenin Zorunlu Olmas\u0131:<\/strong>Bir hakk\u0131n tesisi, kullan\u0131lmas\u0131 veya korunmas\u0131 i\u00e7in veri i\u015flemenin zorunlu olmas\u0131 halinde veri sahibinin ki\u015fisel verileri i\u015flenebilecektir.<\/p>\n<p><strong>\u015eirketimizin Me\u015fru Menfaati \u0130<\/strong><strong>\u00e7in Veri \u0130\u015flemenin Zorunlu Olmas\u0131:<\/strong>Ki\u015fisel veri sahibinin temel hak ve \u00f6zg\u00fcrl\u00fcklerine zarar vermemek kayd\u0131yla \u015firketimizin me\u015fru menfaatleri i\u00e7in veri i\u015flemesinin zorunlu olmas\u0131 halinde veri sahibinin ki\u015fisel verileri i\u015flenebilecektir.<\/p>\n<p>&nbsp;<\/p>\n<p><strong>K\u0130\u015e\u0130SEL VER\u0130N\u0130N S\u0130L\u0130NMES\u0130, \u0130MHA ED\u0130LMES\u0130 VEYA ANON\u0130M HALE GET\u0130R\u0130LMES\u0130<\/strong><\/p>\n<p>Ki\u015fisel veriler, i\u015flenmesine esas te\u015fkil eden ilgili mevzuat h\u00fck\u00fcmlerinin de\u011fi\u015ftirilmesi veya ilgas\u0131, i\u015flenmesini veya saklanmas\u0131n\u0131 gerektiren amac\u0131n ortadan kalkmas\u0131, ki\u015fisel verileri i\u015flemenin sadece a\u00e7\u0131k r\u0131za \u015fart\u0131na istinaden ger\u00e7ekle\u015fti\u011fi hallerde, ilgili ki\u015finin a\u00e7\u0131k r\u0131zas\u0131n\u0131 geri almas\u0131, ki\u015fisel verilerin saklanmas\u0131n\u0131 gerektiren azami s\u00fcrenin ge\u00e7mi\u015f olmas\u0131 ve ki\u015fisel verileri daha uzun s\u00fcre saklamay\u0131 hakl\u0131 k\u0131lacak herhangi bir \u015fart\u0131n mevcut olmamas\u0131, durumlar\u0131nda, \u015firket taraf\u0131ndan ilgili ki\u015finin talebi \u00fczerine silinir, yok edilir ya da re\u2019sen silinir, yok edilir veya anonim hale getirilir<\/p>\n<p>&nbsp;<\/p>\n<p>Ki\u015fisel Verileri Koruma Kurulu taraf\u0131ndan aksine bir karar al\u0131nmad\u0131k\u00e7a, ki\u015fisel verileri re\u2019sen silme, yok etme veya anonim hale getirme y\u00f6ntemlerinden uygun olan\u0131n\u0131 teknolojik imkanlar ve uygulama maliyetine g\u00f6re \u015eirketimiz se\u00e7mektedir. Ki\u015fisel veri sahibinin talebi halinde uygun y\u00f6ntemin gerek\u00e7esi a\u00e7\u0131klanmaktad\u0131r. Bu i\u015flemlerin\u00a0 her birinde gerekli teknik ve idari tedbirler al\u0131nmaktad\u0131r.<\/p>\n<p><strong>ALINAN TEKN\u0130K VE \u0130DAR\u0130 TEDB\u0130RLER<\/strong><\/p>\n<p>Muayenehanemiz KVKK\u2019 n\u0131n 12\u2019nci maddesi ve Y\u00f6netmelik h\u00fck\u00fcmleri, yukar\u0131da belirtilen genel ilkeler ile i\u015fbu Politika ve Ki\u015fisel Verileri Koruma Kurulu kararlar\u0131 uyar\u0131nca a\u015fa\u011f\u0131da belirtilen hususlar ile ilgili teknolojik imk\u00e2nlar ve uygulama maliyetine g\u00f6re gerekli teknik ve idari tedbirleri almaktad\u0131r:<\/p>\n<ul>\n<li>Gerekli yaz\u0131l\u0131m ve donan\u0131m belirlenmi\u015ftir. Bilgisayarlarda ve e-posta hesaplar\u0131nda g\u00fc\u00e7l\u00fc \u015fifreler kullan\u0131lmaktad\u0131r.<\/li>\n<li>Hasta bilgisinin korunmas\u0131 a\u00e7\u0131s\u0131ndan korunmas\u0131 gerekenler personelimize e\u011fitimlerle aktar\u0131lm\u0131\u015f, i\u015f akitleriyle sorumluluklar\u0131 yaz\u0131l\u0131 hale getirilmi\u015ftir. (Gizlilik S\u00f6zle\u015fmeleri) Bu y\u00fck\u00fcml\u00fcl\u00fck, ilgili ki\u015filerin g\u00f6revden ayr\u0131lmalar\u0131ndan sonra da devam etmektedir.<\/li>\n<li>T\u00fcm verilen yedeklemesi amac\u0131yla gerekli alt yap\u0131 olu\u015fturulmu\u015ftur.<\/li>\n<li>Bilgsayarlarda verilere ula\u015fabilecek \u00e7al\u0131\u015fanlar belirlenmi\u015ftir.<\/li>\n<li>M\u00fc\u015fteri dosyalar\u0131 ve bilgileri sadece ilgililerin kendilerine, yaz\u0131l\u0131 onay verdikleri yak\u0131nlar\u0131na, mevzuat\u0131 \u00e7er\u00e7evesinde ilgili kamu kurum ve kurulu\u015flar\u0131na ve adli durumlarda yetkili adli merciilere verilmektedir.<\/li>\n<li>Ki\u015fisel veri i\u015flemeye ba\u015flamadan \u00f6nce Kurum taraf\u0131ndan, ilgili ki\u015fileri ayd\u0131nlatma y\u00fck\u00fcml\u00fcl\u00fc\u011f\u00fc yerine getirilmektedir.<\/li>\n<li>Ki\u015fisel veri i\u015fleme envanteri haz\u0131rlanm\u0131\u015ft\u0131r.<\/li>\n<\/ul>\n<p><strong>SAKLAMA VE \u0130MHA S<\/strong><strong>\u00dcRELER\u0130<\/strong><\/p>\n<p>Muayenehanemiz, ki\u015fisel verileri ancak uymakla y\u00fck\u00fcml\u00fc oldu\u011fu mevzuatta belirtildi\u011fi veya i\u015flendikleri ama\u00e7 i\u00e7in gerekli olan s\u00fcre kadar muhafaza ve imha etmektedir.<\/p>\n<p>Ki\u015fisel veri sahibinin, \u015firketimize ba\u015fvurarak kendisine ait ki\u015fisel verilerin imha edilmesini talep etmesi halinde:<\/p>\n<p>Ki\u015fisel verileri i\u015fleme \u015fartlar\u0131n\u0131n tamam\u0131 ortadan kalkm\u0131\u015fsa: Ki\u015fisel veri sahibinin talebini en ge\u00e7 otuz g\u00fcn i\u00e7inde sonu\u00e7land\u0131r\u0131r ve ki\u015fisel veri sahibine bilgi verir ve talebe konu olan ki\u015fisel veriler \u00fc\u00e7\u00fcnc\u00fc ki\u015filere aktar\u0131lm\u0131\u015fsa, bu durumu \u00fc\u00e7\u00fcnc\u00fc ki\u015fiye bildirir; \u00fc\u00e7\u00fcnc\u00fc ki\u015fi nezdinde gerekli i\u015flemlerin yap\u0131lmas\u0131n\u0131 temin eder.<\/p>\n<p>Ki\u015fisel verileri i\u015fleme \u015fartlar\u0131n\u0131n tamam\u0131 ortadan kalkmam\u0131\u015fsa: Ki\u015fisel veri sahibinin talebini KVKK\u2019n\u0131n 13\u2019\u00fcnc\u00fc maddesinin \u00fc\u00e7\u00fcnc\u00fc f\u0131kras\u0131 uyar\u0131nca gerek\u00e7esini a\u00e7\u0131klayarak reddedilebilir ve ret cevab\u0131n\u0131 ki\u015fisel veri sahibine en ge\u00e7 otuz g\u00fcn i\u00e7inde yaz\u0131l\u0131 olarak ya da dijital ortamda bildirir.<\/p>\n<p><strong>PER\u0130YOD\u0130K \u0130MHA S<\/strong><strong>\u00dcRELER\u0130<\/strong><\/p>\n<p>Ki\u015fisel verileri imha etme y\u00fck\u00fcml\u00fcl\u00fc\u011f\u00fcn\u00fcn ortaya \u00e7\u0131kt\u0131\u011f\u0131 tarihi takip eden ilk periyodik imha i\u015fleminde, ki\u015fisel veriler imha edilmektedir. Bu kapsamda ki\u015fisel verileri imha etme y\u00fck\u00fcml\u00fcl\u00fc\u011f\u00fcn\u00fcn ortaya \u00e7\u0131kmas\u0131 halinde 6 ayl\u0131k periyotlar halinde imha i\u015flemine tabi tutulmaktad\u0131r.<\/p>\n<table>\n<tbody>\n<tr>\n<td width=\"214\">S\u00dcRE\u00c7<\/td>\n<td width=\"214\">SAKLAMA S\u00dcRES\u0130<\/td>\n<td width=\"214\">\u0130MHA S\u00dcRES\u0130<\/td>\n<\/tr>\n<tr>\n<td width=\"214\">S\u00f6zle\u015fmelerin Haz\u0131rlanmas\u0131<\/td>\n<td width=\"214\">S\u00f6zle\u015fme bitiminden itibaren 10 y\u0131l<\/td>\n<td width=\"214\">Saklama s\u00fcresinin bitimini takip eden ilk periyodik imha s\u00fcresinde<\/td>\n<\/tr>\n<tr>\n<td width=\"214\">\u0130nsan Kaynaklar\u0131 S\u00fcre\u00e7lerinin Y\u00fcr\u00fct\u00fclmesi<\/td>\n<td width=\"214\">Faaliyetin sona ermesinden itibaren 10 y\u0131l<\/td>\n<td width=\"214\">Saklama s\u00fcresinin bitimini takip eden ilk periyodik imha s\u00fcresinde<\/td>\n<\/tr>\n<tr>\n<td width=\"214\">Donan\u0131m ve Yaz\u0131l\u0131ma Eri\u015fim S\u00fcre\u00e7lerinin Y\u00fcr\u00fct\u00fclmesi<\/td>\n<td width=\"214\">5 y\u0131l<\/td>\n<td width=\"214\">Saklama s\u00fcresinin bitimini takip eden ilk periyodik imha s\u00fcresinde<\/td>\n<\/tr>\n<tr>\n<td width=\"214\">Ziyaret\u00e7i ve Toplant\u0131 Kat\u0131l\u0131mc\u0131lar\u0131n\u0131n Kayd\u0131<\/td>\n<td width=\"214\">5 y\u0131l<\/td>\n<td width=\"214\">Saklama s\u00fcresinin bitimini takip eden ilk periyodik imha s\u00fcresinde<\/td>\n<\/tr>\n<tr>\n<td width=\"214\">Ki\u015fisel Sa\u011fl\u0131k Verileri Kayd\u0131<\/td>\n<td width=\"214\">Mevzuat\u0131nda belirtilen s\u00fcre kadar<\/td>\n<td width=\"214\">Saklama s\u00fcresinin bitimini takip eden ilk periyodik imha s\u00fcresinde<\/td>\n<\/tr>\n<tr>\n<td width=\"214\">Kimlik verileri<\/td>\n<td width=\"214\">Mevzuat\u0131nda belirtilen s\u00fcre kadar<\/td>\n<td width=\"214\">Saklama s\u00fcresinin bitimini takip eden ilk periyodik imha s\u00fcresinde<\/td>\n<\/tr>\n<tr>\n<td width=\"214\">Kamera G\u00f6r\u00fcnt\u00fcleri<\/p>\n<p>&nbsp;<\/p>\n<p>&nbsp;<\/p>\n<p>&nbsp;<\/td>\n<td width=\"214\">Mevzuat\u0131nda belirtilen s\u00fcre kadar<\/td>\n<td width=\"214\">Saklama s\u00fcresinin bitimini takip eden ilk periyodik imha s\u00fcresinde<\/td>\n<\/tr>\n<tr>\n<td width=\"214\"><\/td>\n<td width=\"214\"><\/td>\n<td width=\"214\"><\/td>\n<\/tr>\n<\/tbody>\n<\/table>\n<p>&nbsp;<\/p>\n<p>Bu Politika, internet sitesinde yay\u0131nlanmas\u0131n\u0131n ard\u0131ndan y\u00fcr\u00fcrl\u00fc\u011fe girmi\u015f kabul edilir.<\/p>\n","protected":false},"excerpt":{"rendered":"<p>K\u0130\u015e\u0130SEL VER\u0130 \u0130MHA POL\u0130T\u0130KASI Veri sorumlusu\u00a0 Do\u00e7. Dr. G\u00fcncel \u00d6zt\u00fcrk muayenehanesi, ki\u015fisel verilerinizi ba\u015fta Anayasa olmak \u00fczere 6698 say\u0131l\u0131 Ki\u015fisel Verilerin Korunmas\u0131 Kanunu ve Ki\u015fisel Verilerin Silinmesi, Yok Edilmesi veya Anonim Hale Getirilmesi Hakk\u0131nda Y\u00f6netmelik ve di\u011fer ilgili mevzuata uygun \u015fekilde haz\u0131rlanan i\u015fbu Ki\u015fisel Veri Saklama ve \u0130mha Politikas\u0131\u2019nda belirtilen genel prensipler ve d\u00fczenlemelere uygun [&hellip;]<\/p>\n","protected":false},"author":1,"featured_media":0,"parent":0,"menu_order":0,"comment_status":"closed","ping_status":"closed","template":"","meta":{"footnotes":""},"class_list":["post-9286","page","type-page","status-publish","hentry"],"_links":{"self":[{"href":"https:\/\/drgosmile.com\/tr\/wp-json\/wp\/v2\/pages\/9286","targetHints":{"allow":["GET"]}}],"collection":[{"href":"https:\/\/drgosmile.com\/tr\/wp-json\/wp\/v2\/pages"}],"about":[{"href":"https:\/\/drgosmile.com\/tr\/wp-json\/wp\/v2\/types\/page"}],"author":[{"embeddable":true,"href":"https:\/\/drgosmile.com\/tr\/wp-json\/wp\/v2\/users\/1"}],"replies":[{"embeddable":true,"href":"https:\/\/drgosmile.com\/tr\/wp-json\/wp\/v2\/comments?post=9286"}],"version-history":[{"count":5,"href":"https:\/\/drgosmile.com\/tr\/wp-json\/wp\/v2\/pages\/9286\/revisions"}],"predecessor-version":[{"id":11166,"href":"https:\/\/drgosmile.com\/tr\/wp-json\/wp\/v2\/pages\/9286\/revisions\/11166"}],"wp:attachment":[{"href":"https:\/\/drgosmile.com\/tr\/wp-json\/wp\/v2\/media?parent=9286"}],"curies":[{"name":"wp","href":"https:\/\/api.w.org\/{rel}","templated":true}]}}